{"id":2623,"date":"2021-05-07T07:01:27","date_gmt":"2021-05-07T07:01:27","guid":{"rendered":"https:\/\/profwelding.ee\/teenused\/keevitusrakised\/"},"modified":"2024-02-17T19:44:17","modified_gmt":"2024-02-17T19:44:17","slug":"keevitusrakised","status":"publish","type":"page","link":"https:\/\/profwelding.ee\/ru\/teenused\/keevitusrakised\/","title":{"rendered":"\u0421\u0412\u0410\u0420\u041e\u0427\u041d\u042b\u0415 \u041aO\u041d\u0414\u0423\u041a\u0422\u041e\u0420\u042b"},"content":{"rendered":"\n<h2 class=\"wp-block-heading wp-el\">\u0421\u0432\u0430\u0440\u043e\u0447\u043d\u044b\u0435 \u043a\u043e\u043d\u0434\u0443\u043a\u0442\u043e\u0440\u044b<\/h2>\n\n\n<div id=\"acf-block_539d509c9390ecb6e7a76ae72ad31c58\" class=\"acf-block-element block-graybackground\"><div class=\"row\"><div class=\"col-12 col-xl-11\"><div class=\"block--inner\">\n<div id=\"acf-block_ae0a3a539c38767bcd7beabf8fbef7e1\" class=\"acf-block-element block-txtmedia\"><div class=\"d-flex flex-wrap block-txtmedia-item\"><div class=\"block-txtmedia--content\">\n<h3 id=\"acf-block_0c2b1ad65a9d6003fd4cdf56e0f26908\" class=\"wp-el d-flex flex-wrap align-items-center block-iconheading\"><span class=\"block-iconheading--icon d-flex flex-wrap align-items-center justify-content-center align-self-start\"><img decoding=\"async\" src=\"https:\/\/profwelding.ee\/wp-content\/uploads\/2021\/05\/edit.svg\" alt=\"\" \/><\/span><span class=\"block-iconheading--text\">Valmistame keevitusrakiseid nii k\u00e4si kui robotkeevitusele<\/span><\/h3>\n\n<h3 id=\"acf-block_37f9afb7564dc2ab9936ee33084bbc57\" class=\"wp-el d-flex flex-wrap align-items-center block-iconheading\"><span class=\"block-iconheading--icon d-flex flex-wrap align-items-center justify-content-center align-self-start\"><img decoding=\"async\" src=\"https:\/\/profwelding.ee\/wp-content\/uploads\/2021\/05\/edit.svg\" alt=\"\" \/><\/span><span class=\"block-iconheading--text\">V\u00f5imalik tellida ainult konstrueerimine v\u00f5i valmistamine teie jooniste j\u00e4rgi<\/span><\/h3>\n\n\n<p class=\"wp-el\"><\/p>\n\n\n<h3 id=\"acf-block_c2778613184b9cc4e569a9e02eda6577\" class=\"wp-el d-flex flex-wrap align-items-center block-iconheading\"><span class=\"block-iconheading--icon d-flex flex-wrap align-items-center justify-content-center align-self-start\"><img decoding=\"async\" src=\"https:\/\/profwelding.ee\/wp-content\/uploads\/2021\/05\/edit.svg\" alt=\"\" \/><\/span><span class=\"block-iconheading--text\">Omame laia koost\u00f6\u00f6partnerite v\u00f5rgustikku, mist\u00f5ttu rakise keerukusele ja m\u00f5\u00f5tudele ei ole piire. <\/span><\/h3>\n<\/div><div class=\"block-txtmedia--media\"><a href=\"https:\/\/profwelding.ee\/wp-content\/uploads\/2021\/05\/keevitusrakised-1.jpg\" class=\"shadow-box\"><img loading=\"lazy\" decoding=\"async\" width=\"570\" height=\"380\" src=\"https:\/\/profwelding.ee\/wp-content\/uploads\/fly-images\/1810\/keevitusrakised-1-570x380-c.jpg\" class=\"attachment-img-570x380\" alt=\"keevitusrakised-1\" \/><\/a><\/div><\/div><\/div>\n\n<div id=\"acf-block_d149b9bd94ba4d147a16360e03d63399\" class=\"acf-block-element block-txtmedia\"><div class=\"d-flex flex-wrap block-txtmedia-item\"><div class=\"block-txtmedia--content\">\n\n<h5 class=\"wp-block-heading wp-el\">Hea rakis valmistamiseks on tarvis kolme spetsialisti.<br>V\u00f5i \u00fchte, kelles on need k\u00f5ik kolm.<\/h5>\n\n\n\n<ul class=\"wp-el wp-block-list\">\n<li>Esiteks on tarvis keevitusinseneri kes omaks kogemust toodete juurutamisel ning teaks t\u00e4pselt, kui palju materjalid p\u00e4rast keevitus\u00f5mbluse jahtumist deformeeruvad. Kes tunneks tolerantse ja omaks kogemust millised t\u00e4psused on saavutatavad.<\/li>\n\n\n\n<li>Teiseks keevitajat, kes valib re\u017eiimid ja \u00fctleb, kui palju ruumi on tarvis ligip\u00e4\u00e4setavuseks ning millistes asendites (robotkeevituse puhul) on v\u00f5imalik \u00f5mblused sooritada.<\/li>\n\n\n\n<li>Ning kolmandaks konstruktorit, kes rakise valmis konstrueerib.<\/li>\n<\/ul>\n\n<\/div><div class=\"block-txtmedia--media\"><a href=\"\" class=\"shadow-box\"><\/a><\/div><\/div><\/div>\n\n<h3 id=\"acf-block_bd1fa5ecdb8cbc80c2490ed246acb0cb\" class=\"wp-el d-flex flex-wrap align-items-center block-iconheading\"><span class=\"block-iconheading--icon d-flex flex-wrap align-items-center justify-content-center align-self-start\"><img decoding=\"async\" src=\"https:\/\/profwelding.ee\/wp-content\/uploads\/2021\/05\/edit.svg\" alt=\"\" \/><\/span><span class=\"block-iconheading--text\">Konstrueerimisega saab hakkama iga\u00fcks. <\/span><\/h3>\n\n\n<p class=\"wp-el\">Teha mudel kus detailid on fikseeritud klambritega ei n\u00f5ua suuri teadmisi.<br>Kui te tahate aga rakist mille ehitamisel on arvestatud k\u00f5igega:<br><\/p>\n\n\n\n<ul class=\"wp-el wp-block-list\">\n<li>Et detailide paigaldus rakisess oleks kiire ja lihtne.<\/li>\n\n\n\n<li>Et rakis oleks keevitajale mugav \u2013 sest sellest s\u00f5ltub, kui kiirelt t\u00f6\u00f6line v\u00e4sib ja kui palju ta suudab p\u00e4eva jooksul toodangut valmistada.&nbsp;<\/li>\n\n\n\n<li>Et igale poole p\u00e4\u00e4seks mugavalt keevitusp\u00fcstoliga ligi.<\/li>\n\n\n\n<li>Et rakis v\u00e4listaks toodete valesti paigaldamise.<\/li>\n\n\n\n<li>Et k\u00f5ik probleemid oleks enne konstrueerimist l\u00e4bi m\u00f5eldud ja viidud miinimumini<\/li>\n\n\n\n<li>Et rakis garanteeriks alati 100% lise m\u00f5\u00f5tude sobivuse.<\/li>\n\n\n\n<li>Et toote valmistamis protsess oleks lihvitud maksimaalselt efektiivseks.<\/li>\n<\/ul>\n\n\n\n<h5 class=\"wp-block-heading wp-el\">              Siis aitame teid meelsasti!<\/h5>\n\n\n<h3 id=\"acf-block_64a1567ef7a17866041df71218acd48a\" class=\"wp-el d-flex flex-wrap align-items-center block-iconheading\"><span class=\"block-iconheading--icon d-flex flex-wrap align-items-center justify-content-center align-self-start\"><img decoding=\"async\" src=\"https:\/\/profwelding.ee\/wp-content\/uploads\/2021\/05\/edit.svg\" alt=\"\" \/><\/span><span class=\"block-iconheading--text\">Meie tugevus rakiste valmistamisel?<\/span><\/h3>\n\n\n<ul class=\"wp-el wp-block-list\">\n<li>Tootmiskogemus alates aastast 2010 a<\/li>\n\n\n\n<li>Kogemus eri metallit\u00f6\u00f6tlus pinkide ja tehnoloogiatega<\/li>\n\n\n\n<li>Teadmised, milliseid t\u00e4psusi on v\u00f5imalik saavutada erinevate protsessidega (l\u00f5ikus, painutus, treimine, puurimine, freesimine, lihvimine, keevitamine)<\/li>\n\n\n\n<li>Keevitus kogemus alates 2012 a<\/li>\n\n\n\n<li>Keevitustoodete juurutus alates 2011a.<\/li>\n\n\n\n<li>Rakiste valmistamis kogemus alates 2006 a.<\/li>\n\n\n\n<li>Kirg konstrueerimise vastu alates lapsep\u00f5lvest.<\/li>\n\n\n\n<li>Konstrueerimise k\u00e4igus proovime kasutada v\u00f5imalusel lihtsaid s\u00f5lmi ja rohkelt lasel\u00f5ike tehnoloogiat, et rakise valmistamise maksumus oleks v\u00f5imalikult madal ning koostamine lihtne. K\u00f5ik s\u00f5lmed on poltide ning tiftide abil eemaldatavad, mis lihtsustab hilisemat paranduste v\u00f5i muudatuste tegemist. <\/li>\n<\/ul>\n\n\n<div id=\"acf-block_1ce380a23456242c13f6d972b07a6f33\" class=\"acf-block-element block-gallery\"><div class=\"advanced-gallery gallery-cols-3\"><div class=\"gallery-item type_image\"><a href=\"\" data-fancybox=\"acf-block_1ce380a23456242c13f6d972b07a6f33\"><\/a><\/div><\/div><\/div>\n\n\n\n<h3 id=\"acf-block_59f6eea8bbb328232a74e2b2711afcd8\" class=\"wp-el d-flex flex-wrap align-items-center block-iconheading\"><span class=\"block-iconheading--icon d-flex flex-wrap align-items-center justify-content-center align-self-start\"><img decoding=\"async\" src=\"https:\/\/profwelding.ee\/wp-content\/uploads\/2021\/05\/edit.svg\" alt=\"\" \/><\/span><span class=\"block-iconheading--text\">Rakise valmistamise protsess<\/span><\/h3>\n\n\n<ul class=\"wp-el wp-block-list\">\n<li>Vaatame l\u00e4bi k\u00f5ikide koostus olevate detailide joonised, koos tolerantside ja valmistus tehnoloogiaga.<\/li>\n\n\n\n<li>Hindame kas n\u00f5uded koostu m\u00f5\u00f5tudele on lihtsalt saavutatavad v\u00f5i tuleb kasutada erimeetmeid.<\/li>\n\n\n\n<li>Anal\u00fc\u00fcsime deformatsioonide m\u00f5ju konstruktsioonile.<\/li>\n\n\n\n<li>M\u00f5tleme l\u00e4bi koostamis ning keevitus j\u00e4rjekorra.<\/li>\n\n\n\n<li>Vajadusel teeme muudatus ettepanekud joonise muudatuste osas. (Tappide lisamine, tolerantside v\u00e4hendamine, tehnoloogia muutmine)<\/li>\n\n\n\n<li>Alustame toote \u00fcmber rakisese konstrueerimist selliselt, &nbsp;et rakise baasid langeksid kokku joonise baaspindadega.<br>Kui see&nbsp; ei ole v\u00f5imalik ja baaspinnad tuleb anda l\u00e4bi teiste pindade, siis tuleb k\u00f5ik alamdetailidele kehtivad tolerantsid ning valmistamis meetod p\u00f5hjalikult l\u00e4bi m\u00f5elda, et l\u00f5pptulemus j\u00e4\u00e4ks n\u00f5utud piiridesse.<br><br><\/li>\n<\/ul>\n\n\n<h3 id=\"acf-block_8f594cb8bbf7db1887f9f2d62544ba28\" class=\"wp-el d-flex flex-wrap align-items-center block-iconheading\"><span class=\"block-iconheading--icon d-flex flex-wrap align-items-center justify-content-center align-self-start\"><img decoding=\"async\" src=\"https:\/\/profwelding.ee\/wp-content\/uploads\/2021\/05\/edit.svg\" alt=\"\" \/><\/span><span class=\"block-iconheading--text\">Millega tuleb veel arvestada?<\/span><\/h3>\n\n\n<p class=\"wp-el\">Me saame rakisest kvaliteetse v\u00e4ljundi, kui suuname rakisesse vastava sisendi.<\/p>\n\n\n\n<p class=\"wp-el\">Tihti n\u00e4eme olukordasid, kus eelnevate protsesside (l\u00f5ikus, painutus) joonistel on lubatud liiga suured m\u00f5\u00f5tude k\u00f5ikumised v\u00f5i tolerantsid on hoopis puudu.<\/p>\n\n\n\n<p class=\"wp-el\">Rakis k\u00fcll kompenseerib teatud vead, kuid mitte k\u00f5ik.<\/p>\n\n\n\n<p class=\"wp-el\">Rakise konstrueerimine k\u00e4ib k\u00e4sik\u00e4es k\u00f5ikide detailide valmistamistehnoloogia ja tolerantside l\u00e4bi anal\u00fc\u00fcsimisega. Just seet\u00f5ttu v\u00f5ib olla teine kord lihtsam muuta detaili t\u00e4psust v\u00f5i lisada m\u00f5ni tapp, mis hoiaks \u00e4ra \u00fcli keeruka rakise ehitamise.<\/p>\n\n\n\n<p class=\"wp-el\">Tegeleme keevitustoodete juurutamisega igap\u00e4evaselt erinevate klientide toodetega. Mist\u00f5ttu oskame teile anda head n\u00f5u, kuidas teha asju paremini.<br>Kuidas valmistada ette kogu protsess koos jooniste ja juhenditega. Mis annab hea tulemuse, ning mis suunas ei ole m\u00f5tet \u00fcldse minna.<\/p>\n\n\n\n<p class=\"wp-el\">Enne t\u00f6\u00f6de alustamist s\u00f5lmime \u201eNDA\u201c lepingu, et kindlustada teie olulise info konfidentsiaalsus. &nbsp;<\/p>\n\n\n\n<div class=\"wp-block-buttons is-content-justification-center is-layout-flex wp-container-core-buttons-is-layout-16018d1d wp-block-buttons-is-layout-flex\">\n<div class=\"wp-block-button is-style-fill\"><a class=\"wp-block-button__link wp-element-button\">Loe tagasisidet<\/a><\/div>\n\n\n\n<div class=\"wp-block-button is-style-fill\"><a class=\"wp-block-button__link wp-element-button\" href=\"https:\/\/profwelding.ee\/category\/rakised\/\" target=\"_blank\" rel=\"noreferrer noopener\">Vaata ltehtud t\u00f6id<\/a><\/div>\n<\/div>\n\n<\/div><\/div><\/div><\/div>\n\n\n<p class=\"wp-el\"><\/p>\n\n\n\n<h2 class=\"wp-block-heading has-text-align-center wp-el\">Tehtud Projektid<\/h2>\n\n\n\n\n\n<div class=\"wp-block-buttons is-horizontal is-content-justification-center is-layout-flex wp-container-core-buttons-is-layout-499968f5 wp-block-buttons-is-layout-flex\">\n<div class=\"wp-block-button has-custom-width wp-block-button__width-25 is-style-outline is-style-outline--1\"><a class=\"wp-block-button__link wp-element-button\" href=\"https:\/\/profwelding.ee\/category\/rakised\/\" target=\"_blank\" rel=\"noreferrer noopener\">GALERII<\/a><\/div>\n<\/div>\n\n\n\n<h2 class=\"wp-block-heading has-text-align-center wp-el\"><strong>KLIENDID<\/strong><\/h2>\n\n\n\n<h4 class=\"wp-block-heading has-text-align-center wp-el\">Kes on tellinud meilt keevitusrakiseid<\/h4>\n\n\n<div id=\"acf-block_f00814100160bef9cdef895ad7b76b64\" class=\"acf-block-element block-partners\"><div class=\"row row-grid row-partners justify-content-center\"><div class=\"col-6 col-sm-auto\" data-aos=\"fade-up\"><a href=\"https:\/\/hanza.com\/en\/contact\/\" target=\"\"  id=\"nordecon\" class=\"d-flex flex-wrap align-items-center justify-content-center partner-item\"><img loading=\"lazy\" decoding=\"async\" src=\"https:\/\/profwelding.ee\/wp-content\/uploads\/fly-images\/1899\/hanza-logo-2-150x60.jpg\" width=\"150\" height=\"60\" \/><\/a><\/div><div class=\"col-6 col-sm-auto\" data-aos=\"fade-up\" data-aos-delay=\"200\"><a href=\"https:\/\/sjoelund.com\/\" target=\"\"  id=\"kmg\" class=\"d-flex flex-wrap align-items-center justify-content-center partner-item\"><img loading=\"lazy\" decoding=\"async\" src=\"https:\/\/profwelding.ee\/wp-content\/uploads\/fly-images\/1903\/sjolund-2-150x60.png\" width=\"150\" height=\"60\" \/><\/a><\/div><div class=\"col-6 col-sm-auto\" data-aos=\"fade-up\" data-aos-delay=\"400\"><a href=\"https:\/\/www.toostusuudised.ee\/uudised\/2016\/10\/27\/cutform-kahekordistas-tootmispinda\" target=\"\"  id=\"rand-tuulberg\" class=\"d-flex flex-wrap align-items-center justify-content-center partner-item\"><img loading=\"lazy\" decoding=\"async\" src=\"https:\/\/profwelding.ee\/wp-content\/uploads\/fly-images\/1901\/cutform-logo-2-150x60.jpg\" width=\"150\" height=\"36\" \/><\/a><\/div><\/div><\/div>\n\n\n<h2 class=\"wp-block-heading has-text-align-center wp-el\">TAGASISIDE<\/h2>\n\n\n","protected":false},"excerpt":{"rendered":"<p>\u0421\u0432\u0430\u0440\u043e\u0447\u043d\u044b\u0435 \u043a\u043e\u043d\u0434\u0443\u043a\u0442\u043e\u0440\u044b Tehtud Projektid KLIENDID Kes on tellinud meilt keevitusrakiseid TAGASISIDE<\/p>\n","protected":false},"author":1,"featured_media":0,"parent":2059,"menu_order":10,"comment_status":"closed","ping_status":"closed","template":"","meta":{"_acf_changed":false,"inline_featured_image":false,"footnotes":""},"class_list":["post-2623","page","type-page","status-publish","hentry"],"acf":[],"yoast_head":"<!-- This site is optimized with the Yoast SEO plugin v26.8 - https:\/\/yoast.com\/product\/yoast-seo-wordpress\/ -->\n<title>\u0421\u0412\u0410\u0420\u041e\u0427\u041d\u042b\u0415 \u041aO\u041d\u0414\u0423\u041a\u0422\u041e\u0420\u042b - Profwelding<\/title>\n<meta name=\"description\" content=\"Keevitusrakised k\u00e4si ja robotkeevitusele.\" \/>\n<meta name=\"robots\" content=\"index, follow, max-snippet:-1, max-image-preview:large, max-video-preview:-1\" \/>\n<link rel=\"canonical\" href=\"https:\/\/profwelding.ee\/teenused\/keevitusrakised\/\" \/>\n<meta property=\"og:locale\" content=\"ru_RU\" \/>\n<meta property=\"og:type\" content=\"article\" \/>\n<meta property=\"og:title\" content=\"\u0421\u0412\u0410\u0420\u041e\u0427\u041d\u042b\u0415 \u041aO\u041d\u0414\u0423\u041a\u0422\u041e\u0420\u042b - Profwelding\" \/>\n<meta property=\"og:description\" content=\"Keevitusrakised k\u00e4si ja robotkeevitusele.\" \/>\n<meta property=\"og:url\" content=\"https:\/\/profwelding.ee\/teenused\/keevitusrakised\/\" \/>\n<meta property=\"og:site_name\" content=\"Profwelding\" \/>\n<meta property=\"article:modified_time\" content=\"2024-02-17T19:44:17+00:00\" \/>\n<meta name=\"twitter:card\" content=\"summary_large_image\" \/>\n<meta name=\"twitter:label1\" content=\"\u041f\u0440\u0438\u043c\u0435\u0440\u043d\u043e\u0435 \u0432\u0440\u0435\u043c\u044f \u0434\u043b\u044f \u0447\u0442\u0435\u043d\u0438\u044f\" \/>\n\t<meta name=\"twitter:data1\" content=\"1 \u043c\u0438\u043d\u0443\u0442\u0430\" \/>\n<script type=\"application\/ld+json\" class=\"yoast-schema-graph\">{\"@context\":\"https:\/\/schema.org\",\"@graph\":[{\"@type\":\"WebPage\",\"@id\":\"https:\/\/profwelding.ee\/teenused\/keevitusrakised\/\",\"url\":\"https:\/\/profwelding.ee\/teenused\/keevitusrakised\/\",\"name\":\"\u0421\u0412\u0410\u0420\u041e\u0427\u041d\u042b\u0415 \u041aO\u041d\u0414\u0423\u041a\u0422\u041e\u0420\u042b - Profwelding\",\"isPartOf\":{\"@id\":\"https:\/\/profwelding.ee\/#website\"},\"datePublished\":\"2021-05-07T07:01:27+00:00\",\"dateModified\":\"2024-02-17T19:44:17+00:00\",\"description\":\"Keevitusrakised k\u00e4si ja robotkeevitusele.\",\"breadcrumb\":{\"@id\":\"https:\/\/profwelding.ee\/teenused\/keevitusrakised\/#breadcrumb\"},\"inLanguage\":\"ru-RU\",\"potentialAction\":[{\"@type\":\"ReadAction\",\"target\":[\"https:\/\/profwelding.ee\/teenused\/keevitusrakised\/\"]}]},{\"@type\":\"BreadcrumbList\",\"@id\":\"https:\/\/profwelding.ee\/teenused\/keevitusrakised\/#breadcrumb\",\"itemListElement\":[{\"@type\":\"ListItem\",\"position\":1,\"name\":\"Home\",\"item\":\"https:\/\/profwelding.ee\/ru\/\"},{\"@type\":\"ListItem\",\"position\":2,\"name\":\"\u0423\u0441\u043b\u0443\u0433\u0438\",\"item\":\"https:\/\/profwelding.ee\/teenused\/\"},{\"@type\":\"ListItem\",\"position\":3,\"name\":\"\u0421\u0412\u0410\u0420\u041e\u0427\u041d\u042b\u0415 \u041aO\u041d\u0414\u0423\u041a\u0422\u041e\u0420\u042b\"}]},{\"@type\":\"WebSite\",\"@id\":\"https:\/\/profwelding.ee\/#website\",\"url\":\"https:\/\/profwelding.ee\/\",\"name\":\"Profwelding\",\"description\":\"Keevituslahendused\",\"potentialAction\":[{\"@type\":\"SearchAction\",\"target\":{\"@type\":\"EntryPoint\",\"urlTemplate\":\"https:\/\/profwelding.ee\/?s={search_term_string}\"},\"query-input\":{\"@type\":\"PropertyValueSpecification\",\"valueRequired\":true,\"valueName\":\"search_term_string\"}}],\"inLanguage\":\"ru-RU\"}]}<\/script>\n<!-- \/ Yoast SEO plugin. -->","yoast_head_json":{"title":"\u0421\u0412\u0410\u0420\u041e\u0427\u041d\u042b\u0415 \u041aO\u041d\u0414\u0423\u041a\u0422\u041e\u0420\u042b - Profwelding","description":"Keevitusrakised k\u00e4si ja robotkeevitusele.","robots":{"index":"index","follow":"follow","max-snippet":"max-snippet:-1","max-image-preview":"max-image-preview:large","max-video-preview":"max-video-preview:-1"},"canonical":"https:\/\/profwelding.ee\/teenused\/keevitusrakised\/","og_locale":"ru_RU","og_type":"article","og_title":"\u0421\u0412\u0410\u0420\u041e\u0427\u041d\u042b\u0415 \u041aO\u041d\u0414\u0423\u041a\u0422\u041e\u0420\u042b - Profwelding","og_description":"Keevitusrakised k\u00e4si ja robotkeevitusele.","og_url":"https:\/\/profwelding.ee\/teenused\/keevitusrakised\/","og_site_name":"Profwelding","article_modified_time":"2024-02-17T19:44:17+00:00","twitter_card":"summary_large_image","twitter_misc":{"\u041f\u0440\u0438\u043c\u0435\u0440\u043d\u043e\u0435 \u0432\u0440\u0435\u043c\u044f \u0434\u043b\u044f \u0447\u0442\u0435\u043d\u0438\u044f":"1 \u043c\u0438\u043d\u0443\u0442\u0430"},"schema":{"@context":"https:\/\/schema.org","@graph":[{"@type":"WebPage","@id":"https:\/\/profwelding.ee\/teenused\/keevitusrakised\/","url":"https:\/\/profwelding.ee\/teenused\/keevitusrakised\/","name":"\u0421\u0412\u0410\u0420\u041e\u0427\u041d\u042b\u0415 \u041aO\u041d\u0414\u0423\u041a\u0422\u041e\u0420\u042b - Profwelding","isPartOf":{"@id":"https:\/\/profwelding.ee\/#website"},"datePublished":"2021-05-07T07:01:27+00:00","dateModified":"2024-02-17T19:44:17+00:00","description":"Keevitusrakised k\u00e4si ja robotkeevitusele.","breadcrumb":{"@id":"https:\/\/profwelding.ee\/teenused\/keevitusrakised\/#breadcrumb"},"inLanguage":"ru-RU","potentialAction":[{"@type":"ReadAction","target":["https:\/\/profwelding.ee\/teenused\/keevitusrakised\/"]}]},{"@type":"BreadcrumbList","@id":"https:\/\/profwelding.ee\/teenused\/keevitusrakised\/#breadcrumb","itemListElement":[{"@type":"ListItem","position":1,"name":"Home","item":"https:\/\/profwelding.ee\/ru\/"},{"@type":"ListItem","position":2,"name":"\u0423\u0441\u043b\u0443\u0433\u0438","item":"https:\/\/profwelding.ee\/teenused\/"},{"@type":"ListItem","position":3,"name":"\u0421\u0412\u0410\u0420\u041e\u0427\u041d\u042b\u0415 \u041aO\u041d\u0414\u0423\u041a\u0422\u041e\u0420\u042b"}]},{"@type":"WebSite","@id":"https:\/\/profwelding.ee\/#website","url":"https:\/\/profwelding.ee\/","name":"Profwelding","description":"Keevituslahendused","potentialAction":[{"@type":"SearchAction","target":{"@type":"EntryPoint","urlTemplate":"https:\/\/profwelding.ee\/?s={search_term_string}"},"query-input":{"@type":"PropertyValueSpecification","valueRequired":true,"valueName":"search_term_string"}}],"inLanguage":"ru-RU"}]}},"_links":{"self":[{"href":"https:\/\/profwelding.ee\/ru\/wp-json\/wp\/v2\/pages\/2623","targetHints":{"allow":["GET"]}}],"collection":[{"href":"https:\/\/profwelding.ee\/ru\/wp-json\/wp\/v2\/pages"}],"about":[{"href":"https:\/\/profwelding.ee\/ru\/wp-json\/wp\/v2\/types\/page"}],"author":[{"embeddable":true,"href":"https:\/\/profwelding.ee\/ru\/wp-json\/wp\/v2\/users\/1"}],"replies":[{"embeddable":true,"href":"https:\/\/profwelding.ee\/ru\/wp-json\/wp\/v2\/comments?post=2623"}],"version-history":[{"count":4,"href":"https:\/\/profwelding.ee\/ru\/wp-json\/wp\/v2\/pages\/2623\/revisions"}],"predecessor-version":[{"id":2653,"href":"https:\/\/profwelding.ee\/ru\/wp-json\/wp\/v2\/pages\/2623\/revisions\/2653"}],"up":[{"embeddable":true,"href":"https:\/\/profwelding.ee\/ru\/wp-json\/wp\/v2\/pages\/2059"}],"wp:attachment":[{"href":"https:\/\/profwelding.ee\/ru\/wp-json\/wp\/v2\/media?parent=2623"}],"curies":[{"name":"wp","href":"https:\/\/api.w.org\/{rel}","templated":true}]}}