{"id":2634,"date":"2021-05-12T07:39:21","date_gmt":"2021-05-12T07:39:21","guid":{"rendered":"https:\/\/profwelding.ee\/teenused\/en-iso-3834-juurutamine\/"},"modified":"2021-05-12T07:39:21","modified_gmt":"2021-05-12T07:39:21","slug":"en-iso-3834-juurutamine","status":"publish","type":"page","link":"https:\/\/profwelding.ee\/ru\/teenused\/en-iso-3834-juurutamine\/","title":{"rendered":"EN ISO 3834 juurutamine"},"content":{"rendered":"<div id=\"acf-block_609bcc6e334e2\" class=\"acf-block-element block-graybackground\"><div class=\"row\"><div class=\"col-12 col-xl-11\"><div class=\"block--inner\">\n<div id=\"acf-block_609bcc71334e3\" class=\"acf-block-element block-txtmedia\"><div class=\"d-flex flex-wrap block-txtmedia-item\"><div class=\"block-txtmedia--content\">\n<h3 id=\"acf-block_609bcc74334e4\" class=\"wp-el d-flex flex-wrap align-items-center block-iconheading\"><span class=\"block-iconheading--icon d-flex flex-wrap align-items-center justify-content-center align-self-start\"><img decoding=\"async\" src=\"https:\/\/profwelding.ee\/wp-content\/uploads\/2021\/05\/edit.svg\" alt=\"\" \/><\/span><span class=\"block-iconheading--text\">Siin on kaks valikut: <\/span><\/h3>\n\n\n<ul class=\"wp-el wp-block-list\"><li>Proovite ise hakkama saada.<\/li><li>Osta teenus sisse.<\/li><\/ul>\n\n\n<h3 id=\"acf-block_609bcc84334e5\" class=\"wp-el d-flex flex-wrap align-items-center block-iconheading\"><span class=\"block-iconheading--icon d-flex flex-wrap align-items-center justify-content-center align-self-start\"><img decoding=\"async\" src=\"https:\/\/profwelding.ee\/wp-content\/uploads\/2021\/05\/edit.svg\" alt=\"\" \/><\/span><span class=\"block-iconheading--text\">Esimese variandi puudused ja eelised:<\/span><\/h3>\n\n\n<ul class=\"wp-el wp-block-list\"><li>Tuleb l\u00e4bi t\u00f6\u00f6tada hulga standardeid, et v\u00e4lja selgitada n\u00f5uded.<\/li><li>Vormistada dokumentatsioon, millest ei ole p\u00e4ris t\u00e4pset ettekujutust, kuidas teda tulevikus siduda kogu s\u00fcsteemiga, kasutada ja mis seal v\u00f5iks sisalduda.<\/li><li>Te kulutate kordi rohkem aega ja raha kui osta see teenus sisse.<\/li><\/ul>\n\n\n\n<p class=\"has-blue-color has-text-color wp-el\"><em>Eelis on aga see, et te saate asja t\u00f5eliselt selgeks ja kui hakkate tulevikus koordinaatoriks siis tuleb see teile ainult kasuks.<\/em><\/p>\n\n<\/div><div class=\"block-txtmedia--media\"><a href=\"https:\/\/profwelding.ee\/wp-content\/uploads\/2021\/05\/ISO-1.jpg\" class=\"shadow-box\"><img loading=\"lazy\" decoding=\"async\" width=\"570\" height=\"380\" src=\"https:\/\/profwelding.ee\/wp-content\/uploads\/fly-images\/1826\/ISO-1-570x380-c.jpg\" class=\"attachment-img-570x380\" alt=\"ISO-1\" \/><\/a><\/div><\/div><\/div>\n\n<div id=\"acf-block_609bccba334e6\" class=\"acf-block-element block-txtmedia\"><div class=\"d-flex flex-wrap block-txtmedia-item\"><div class=\"block-txtmedia--content\">\n<h3 id=\"acf-block_609bccc2334e7\" class=\"wp-el d-flex flex-wrap align-items-center block-iconheading\"><span class=\"block-iconheading--icon d-flex flex-wrap align-items-center justify-content-center align-self-start\"><img decoding=\"async\" src=\"https:\/\/profwelding.ee\/wp-content\/uploads\/2021\/05\/edit.svg\" alt=\"\" \/><\/span><span class=\"block-iconheading--text\">Teise variandi puudused ja eelised: <\/span><\/h3>\n\n\n<ul class=\"wp-el wp-block-list\"><li>Ostes teenuse konsultandilt, kes juurutab palju erinevaid juhtimis s\u00fcsteeme nagu 3834, 1090, 9001, jne. kuid ei t\u00f6\u00f6ta ise koordinaatorina.<br>Saate luukere, millega p\u00e4\u00e4sete k\u00fcll auditist l\u00e4bi, kuid mis ei ole l\u00f5puni v\u00e4lja ehitatud.<\/li><\/ul>\n\n\n\n<p class=\"has-blue-color has-text-color wp-el\"><em>Eeliseks on soodsam hind<\/em><\/p>\n\n<\/div><div class=\"block-txtmedia--media media-narrow\"><a href=\"https:\/\/profwelding.ee\/wp-content\/uploads\/2021\/05\/ISO-2.jpg\" class=\"shadow-box\"><img loading=\"lazy\" decoding=\"async\" width=\"470\" height=\"320\" src=\"https:\/\/profwelding.ee\/wp-content\/uploads\/fly-images\/1827\/ISO-2-470x320-c.jpg\" class=\"attachment-img-470x320\" alt=\"ISO-2\" \/><\/a><\/div><\/div><\/div>\n\n<div id=\"acf-block_609bcd06334e8\" class=\"acf-block-element block-txtmedia\"><div class=\"d-flex flex-wrap block-txtmedia-item\"><div class=\"block-txtmedia--content\">\n<h3 id=\"acf-block_609bcd0e334e9\" class=\"wp-el d-flex flex-wrap align-items-center block-iconheading\"><span class=\"block-iconheading--icon d-flex flex-wrap align-items-center justify-content-center align-self-start\"><img decoding=\"async\" src=\"https:\/\/profwelding.ee\/wp-content\/uploads\/2021\/05\/edit.svg\" alt=\"\" \/><\/span><span class=\"block-iconheading--text\">Kui te aga tellite teenuse meilt:<\/span><\/h3>\n\n\n<ul class=\"wp-el wp-block-list\"><li>Vaadates teie tootmist ja tuginedes oma kogemusele saame \u00f6elda, mis on tulevikus teie kulutused ja mis mahus vajate koordinaatorit<\/li><li>Saate kaasa juhendid ja protseduurid, mida oleme lihvinud 7a jooksul kokkupuutudes erinevate probleemide ja olukordadega.<\/li><li>Me ei ole sinna koondanud mitte ainult oma teadmisi vaid ka kolleegide ja erinevate audiitorite m\u00e4rkusi, ettepanekuid.<\/li><li>Aitame juhendada t\u00f6\u00f6lised ja l\u00e4bida edukalt audit ka k\u00f5ige n\u00f5udlikuma audiitoriga.<\/li><li>Kui on soovi, pakume ka tulevikus koordinaatori teenust.<\/li><\/ul>\n\n\n\n<div class=\"wp-block-buttons is-layout-flex wp-block-buttons-is-layout-flex\">\n<div class=\"wp-block-button\"><a class=\"wp-block-button__link\" href=\"#\">Vaata tehtud t\u00f6id<\/a><\/div>\n<\/div>\n\n<\/div><div class=\"block-txtmedia--media\"><a href=\"https:\/\/profwelding.ee\/wp-content\/uploads\/2021\/05\/ISO-3.jpg\" class=\"shadow-box\"><img loading=\"lazy\" decoding=\"async\" width=\"570\" height=\"380\" src=\"https:\/\/profwelding.ee\/wp-content\/uploads\/fly-images\/1828\/ISO-3-570x380-c.jpg\" class=\"attachment-img-570x380\" alt=\"ISO-3\" \/><\/a><\/div><\/div><\/div>\n<\/div><\/div><\/div><\/div>","protected":false},"excerpt":{"rendered":"","protected":false},"author":1,"featured_media":0,"parent":2059,"menu_order":40,"comment_status":"closed","ping_status":"closed","template":"","meta":{"_acf_changed":false,"inline_featured_image":false,"footnotes":""},"class_list":["post-2634","page","type-page","status-publish","hentry"],"acf":[],"yoast_head":"<!-- This site is optimized with the Yoast SEO plugin v26.8 - https:\/\/yoast.com\/product\/yoast-seo-wordpress\/ -->\n<title>EN ISO 3834 juurutamine - Profwelding<\/title>\n<meta name=\"robots\" content=\"index, follow, max-snippet:-1, max-image-preview:large, max-video-preview:-1\" \/>\n<link rel=\"canonical\" href=\"https:\/\/profwelding.ee\/?page_id=443\" \/>\n<meta property=\"og:locale\" content=\"ru_RU\" \/>\n<meta property=\"og:type\" content=\"article\" \/>\n<meta property=\"og:title\" content=\"EN ISO 3834 juurutamine - Profwelding\" \/>\n<meta property=\"og:url\" content=\"https:\/\/profwelding.ee\/?page_id=443\" \/>\n<meta property=\"og:site_name\" content=\"Profwelding\" \/>\n<meta name=\"twitter:card\" content=\"summary_large_image\" \/>\n<meta name=\"twitter:label1\" content=\"\u041f\u0440\u0438\u043c\u0435\u0440\u043d\u043e\u0435 \u0432\u0440\u0435\u043c\u044f \u0434\u043b\u044f \u0447\u0442\u0435\u043d\u0438\u044f\" \/>\n\t<meta name=\"twitter:data1\" content=\"1 \u043c\u0438\u043d\u0443\u0442\u0430\" \/>\n<script type=\"application\/ld+json\" class=\"yoast-schema-graph\">{\"@context\":\"https:\/\/schema.org\",\"@graph\":[{\"@type\":\"WebPage\",\"@id\":\"https:\/\/profwelding.ee\/?page_id=443\",\"url\":\"https:\/\/profwelding.ee\/?page_id=443\",\"name\":\"EN ISO 3834 juurutamine - Profwelding\",\"isPartOf\":{\"@id\":\"https:\/\/profwelding.ee\/#website\"},\"datePublished\":\"2021-05-12T07:39:21+00:00\",\"breadcrumb\":{\"@id\":\"https:\/\/profwelding.ee\/?page_id=443#breadcrumb\"},\"inLanguage\":\"ru-RU\",\"potentialAction\":[{\"@type\":\"ReadAction\",\"target\":[\"https:\/\/profwelding.ee\/?page_id=443\"]}]},{\"@type\":\"BreadcrumbList\",\"@id\":\"https:\/\/profwelding.ee\/?page_id=443#breadcrumb\",\"itemListElement\":[{\"@type\":\"ListItem\",\"position\":1,\"name\":\"Home\",\"item\":\"https:\/\/profwelding.ee\/ru\/\"},{\"@type\":\"ListItem\",\"position\":2,\"name\":\"\u0423\u0441\u043b\u0443\u0433\u0438\",\"item\":\"https:\/\/profwelding.ee\/teenused\/\"},{\"@type\":\"ListItem\",\"position\":3,\"name\":\"EN ISO 3834 juurutamine\"}]},{\"@type\":\"WebSite\",\"@id\":\"https:\/\/profwelding.ee\/#website\",\"url\":\"https:\/\/profwelding.ee\/\",\"name\":\"Profwelding\",\"description\":\"Keevituslahendused\",\"potentialAction\":[{\"@type\":\"SearchAction\",\"target\":{\"@type\":\"EntryPoint\",\"urlTemplate\":\"https:\/\/profwelding.ee\/?s={search_term_string}\"},\"query-input\":{\"@type\":\"PropertyValueSpecification\",\"valueRequired\":true,\"valueName\":\"search_term_string\"}}],\"inLanguage\":\"ru-RU\"}]}<\/script>\n<!-- \/ Yoast SEO plugin. -->","yoast_head_json":{"title":"EN ISO 3834 juurutamine - Profwelding","robots":{"index":"index","follow":"follow","max-snippet":"max-snippet:-1","max-image-preview":"max-image-preview:large","max-video-preview":"max-video-preview:-1"},"canonical":"https:\/\/profwelding.ee\/?page_id=443","og_locale":"ru_RU","og_type":"article","og_title":"EN ISO 3834 juurutamine - Profwelding","og_url":"https:\/\/profwelding.ee\/?page_id=443","og_site_name":"Profwelding","twitter_card":"summary_large_image","twitter_misc":{"\u041f\u0440\u0438\u043c\u0435\u0440\u043d\u043e\u0435 \u0432\u0440\u0435\u043c\u044f \u0434\u043b\u044f \u0447\u0442\u0435\u043d\u0438\u044f":"1 \u043c\u0438\u043d\u0443\u0442\u0430"},"schema":{"@context":"https:\/\/schema.org","@graph":[{"@type":"WebPage","@id":"https:\/\/profwelding.ee\/?page_id=443","url":"https:\/\/profwelding.ee\/?page_id=443","name":"EN ISO 3834 juurutamine - Profwelding","isPartOf":{"@id":"https:\/\/profwelding.ee\/#website"},"datePublished":"2021-05-12T07:39:21+00:00","breadcrumb":{"@id":"https:\/\/profwelding.ee\/?page_id=443#breadcrumb"},"inLanguage":"ru-RU","potentialAction":[{"@type":"ReadAction","target":["https:\/\/profwelding.ee\/?page_id=443"]}]},{"@type":"BreadcrumbList","@id":"https:\/\/profwelding.ee\/?page_id=443#breadcrumb","itemListElement":[{"@type":"ListItem","position":1,"name":"Home","item":"https:\/\/profwelding.ee\/ru\/"},{"@type":"ListItem","position":2,"name":"\u0423\u0441\u043b\u0443\u0433\u0438","item":"https:\/\/profwelding.ee\/teenused\/"},{"@type":"ListItem","position":3,"name":"EN ISO 3834 juurutamine"}]},{"@type":"WebSite","@id":"https:\/\/profwelding.ee\/#website","url":"https:\/\/profwelding.ee\/","name":"Profwelding","description":"Keevituslahendused","potentialAction":[{"@type":"SearchAction","target":{"@type":"EntryPoint","urlTemplate":"https:\/\/profwelding.ee\/?s={search_term_string}"},"query-input":{"@type":"PropertyValueSpecification","valueRequired":true,"valueName":"search_term_string"}}],"inLanguage":"ru-RU"}]}},"_links":{"self":[{"href":"https:\/\/profwelding.ee\/ru\/wp-json\/wp\/v2\/pages\/2634","targetHints":{"allow":["GET"]}}],"collection":[{"href":"https:\/\/profwelding.ee\/ru\/wp-json\/wp\/v2\/pages"}],"about":[{"href":"https:\/\/profwelding.ee\/ru\/wp-json\/wp\/v2\/types\/page"}],"author":[{"embeddable":true,"href":"https:\/\/profwelding.ee\/ru\/wp-json\/wp\/v2\/users\/1"}],"replies":[{"embeddable":true,"href":"https:\/\/profwelding.ee\/ru\/wp-json\/wp\/v2\/comments?post=2634"}],"version-history":[{"count":0,"href":"https:\/\/profwelding.ee\/ru\/wp-json\/wp\/v2\/pages\/2634\/revisions"}],"up":[{"embeddable":true,"href":"https:\/\/profwelding.ee\/ru\/wp-json\/wp\/v2\/pages\/2059"}],"wp:attachment":[{"href":"https:\/\/profwelding.ee\/ru\/wp-json\/wp\/v2\/media?parent=2634"}],"curies":[{"name":"wp","href":"https:\/\/api.w.org\/{rel}","templated":true}]}}