{"id":2635,"date":"2021-05-12T07:39:44","date_gmt":"2021-05-12T07:39:44","guid":{"rendered":"https:\/\/profwelding.ee\/teenused\/keevitustoode-koordineerimine\/"},"modified":"2021-05-12T07:39:44","modified_gmt":"2021-05-12T07:39:44","slug":"keevitustoode-koordineerimine","status":"publish","type":"page","link":"https:\/\/profwelding.ee\/ru\/teenused\/keevitustoode-koordineerimine\/","title":{"rendered":"KEEVITUST\u00d6\u00d6DE KOORDINEERIMINE"},"content":{"rendered":"<div id=\"acf-block_609bcd7404a04\" class=\"acf-block-element block-graybackground\"><div class=\"row\"><div class=\"col-12 col-xl-11\"><div class=\"block--inner\">\n<div id=\"acf-block_609bcd7704a05\" class=\"acf-block-element block-txtmedia\"><div class=\"d-flex flex-wrap block-txtmedia-item\"><div class=\"block-txtmedia--content\">\n<h3 id=\"acf-block_609bcd8004a06\" class=\"wp-el d-flex flex-wrap align-items-center block-iconheading\"><span class=\"block-iconheading--icon d-flex flex-wrap align-items-center justify-content-center align-self-start\"><img decoding=\"async\" src=\"https:\/\/profwelding.ee\/wp-content\/uploads\/2021\/05\/edit.svg\" alt=\"\" \/><\/span><span class=\"block-iconheading--text\">Kui teie ettev\u00f5tte on sertifitseeritud EN ISO 3834  peab teil olema keevitust\u00f6\u00f6de koordinaator. <\/span><\/h3>\n\n<h3 id=\"acf-block_609bcd8d04a07\" class=\"wp-el d-flex flex-wrap align-items-center block-iconheading\"><span class=\"block-iconheading--icon d-flex flex-wrap align-items-center justify-content-center align-self-start\"><img decoding=\"async\" src=\"https:\/\/profwelding.ee\/wp-content\/uploads\/2021\/05\/edit.svg\" alt=\"\" \/><\/span><span class=\"block-iconheading--text\">Millega tegeleb vastutav keevitust\u00f6\u00f6de koordinaator<\/span><\/h3>\n\n\n<ul class=\"wp-el wp-block-list\"><li>Projekti \u00fclevaatus<\/li><li>N\u00f5uete v\u00e4lja selgitamine<\/li><li>Tehnoloogia m\u00e4\u00e4ramine<\/li><li>Protseduuride atesteerimine<\/li><li>Keevitajate sertifitseerimine<\/li><li>Keevitusjuhendid, tehnoloogia<\/li><li>Rakised<\/li><li>Standardi n\u00f5uete t\u00e4itmine<\/li><li>T\u00f6\u00f6de teostamise j\u00e4relevalve<\/li><\/ul>\n\n<\/div><div class=\"block-txtmedia--media\"><a href=\"https:\/\/profwelding.ee\/wp-content\/uploads\/2021\/05\/koordineerimine-1.jpg\" class=\"shadow-box\"><img loading=\"lazy\" decoding=\"async\" width=\"570\" height=\"380\" src=\"https:\/\/profwelding.ee\/wp-content\/uploads\/fly-images\/1829\/koordineerimine-1-570x380-c.jpg\" class=\"attachment-img-570x380\" alt=\"koordineerimine-1\" \/><\/a><\/div><\/div><\/div>\n\n<div id=\"acf-block_609bcd9c04a08\" class=\"acf-block-element block-txtmedia\"><div class=\"d-flex flex-wrap block-txtmedia-item\"><div class=\"block-txtmedia--content\">\n<h3 id=\"acf-block_609bcda704a09\" class=\"wp-el d-flex flex-wrap align-items-center block-iconheading\"><span class=\"block-iconheading--icon d-flex flex-wrap align-items-center justify-content-center align-self-start\"><img decoding=\"async\" src=\"https:\/\/profwelding.ee\/wp-content\/uploads\/2021\/05\/edit.svg\" alt=\"\" \/><\/span><span class=\"block-iconheading--text\">Kas te vajate koordinaatorit t\u00e4iskohaga?<\/span><\/h3>\n\n\n<p class=\"wp-el\"><em>S\u00f5ltuvalt teie t\u00f6\u00f6de mahtudest<\/em><\/p>\n\n\n\n<p class=\"wp-el\"><em>\u00c4rge unustage, et 3834 sertifikaadi omamine ei kohusta teid neid n\u00f5udeid j\u00e4lgima, kui klient ei n\u00f5ua tootmist vastavalt antud kvaliteedis\u00fcsteemile.<\/em><\/p>\n\n\n<h3 id=\"acf-block_609bcdb804a0a\" class=\"wp-el d-flex flex-wrap align-items-center block-iconheading\"><span class=\"block-iconheading--icon d-flex flex-wrap align-items-center justify-content-center align-self-start\"><img decoding=\"async\" src=\"https:\/\/profwelding.ee\/wp-content\/uploads\/2021\/05\/edit.svg\" alt=\"\" \/><\/span><span class=\"block-iconheading--text\">Vajate n\u00f5u EN ISO 3834 n\u00f5uete osas?<\/span><\/h3>\n\n\n<ul class=\"wp-el wp-block-list\"><li>V\u00f5tke meiega \u00fchendust, konsultatsioon on tasuta!<\/li><\/ul>\n\n<\/div><div class=\"block-txtmedia--media\"><a href=\"https:\/\/profwelding.ee\/wp-content\/uploads\/2021\/05\/koordineerimine-2.jpg\" class=\"shadow-box\"><img loading=\"lazy\" decoding=\"async\" width=\"570\" height=\"380\" src=\"https:\/\/profwelding.ee\/wp-content\/uploads\/fly-images\/1830\/koordineerimine-2-570x380-c.jpg\" class=\"attachment-img-570x380\" alt=\"koordineerimine-2\" \/><\/a><\/div><\/div><\/div>\n<\/div><\/div><\/div><\/div>","protected":false},"excerpt":{"rendered":"","protected":false},"author":1,"featured_media":0,"parent":2059,"menu_order":50,"comment_status":"closed","ping_status":"closed","template":"","meta":{"_acf_changed":false,"inline_featured_image":false,"footnotes":""},"class_list":["post-2635","page","type-page","status-publish","hentry"],"acf":[],"yoast_head":"<!-- This site is optimized with the Yoast SEO plugin v26.8 - https:\/\/yoast.com\/product\/yoast-seo-wordpress\/ -->\n<title>KEEVITUST\u00d6\u00d6DE KOORDINEERIMINE - Profwelding<\/title>\n<meta name=\"robots\" content=\"index, follow, max-snippet:-1, max-image-preview:large, max-video-preview:-1\" \/>\n<link rel=\"canonical\" href=\"https:\/\/profwelding.ee\/teenused\/keevitustoode-koordineerimine\/\" \/>\n<meta property=\"og:locale\" content=\"ru_RU\" \/>\n<meta property=\"og:type\" content=\"article\" \/>\n<meta property=\"og:title\" content=\"KEEVITUST\u00d6\u00d6DE KOORDINEERIMINE - Profwelding\" \/>\n<meta property=\"og:url\" content=\"https:\/\/profwelding.ee\/teenused\/keevitustoode-koordineerimine\/\" \/>\n<meta property=\"og:site_name\" content=\"Profwelding\" \/>\n<meta name=\"twitter:card\" content=\"summary_large_image\" \/>\n<script type=\"application\/ld+json\" class=\"yoast-schema-graph\">{\"@context\":\"https:\/\/schema.org\",\"@graph\":[{\"@type\":\"WebPage\",\"@id\":\"https:\/\/profwelding.ee\/teenused\/keevitustoode-koordineerimine\/\",\"url\":\"https:\/\/profwelding.ee\/teenused\/keevitustoode-koordineerimine\/\",\"name\":\"KEEVITUST\u00d6\u00d6DE KOORDINEERIMINE - Profwelding\",\"isPartOf\":{\"@id\":\"https:\/\/profwelding.ee\/#website\"},\"datePublished\":\"2021-05-12T07:39:44+00:00\",\"breadcrumb\":{\"@id\":\"https:\/\/profwelding.ee\/teenused\/keevitustoode-koordineerimine\/#breadcrumb\"},\"inLanguage\":\"ru-RU\",\"potentialAction\":[{\"@type\":\"ReadAction\",\"target\":[\"https:\/\/profwelding.ee\/teenused\/keevitustoode-koordineerimine\/\"]}]},{\"@type\":\"BreadcrumbList\",\"@id\":\"https:\/\/profwelding.ee\/teenused\/keevitustoode-koordineerimine\/#breadcrumb\",\"itemListElement\":[{\"@type\":\"ListItem\",\"position\":1,\"name\":\"Home\",\"item\":\"https:\/\/profwelding.ee\/ru\/\"},{\"@type\":\"ListItem\",\"position\":2,\"name\":\"\u0423\u0441\u043b\u0443\u0433\u0438\",\"item\":\"https:\/\/profwelding.ee\/teenused\/\"},{\"@type\":\"ListItem\",\"position\":3,\"name\":\"KEEVITUST\u00d6\u00d6DE KOORDINEERIMINE\"}]},{\"@type\":\"WebSite\",\"@id\":\"https:\/\/profwelding.ee\/#website\",\"url\":\"https:\/\/profwelding.ee\/\",\"name\":\"Profwelding\",\"description\":\"Keevituslahendused\",\"potentialAction\":[{\"@type\":\"SearchAction\",\"target\":{\"@type\":\"EntryPoint\",\"urlTemplate\":\"https:\/\/profwelding.ee\/?s={search_term_string}\"},\"query-input\":{\"@type\":\"PropertyValueSpecification\",\"valueRequired\":true,\"valueName\":\"search_term_string\"}}],\"inLanguage\":\"ru-RU\"}]}<\/script>\n<!-- \/ Yoast SEO plugin. -->","yoast_head_json":{"title":"KEEVITUST\u00d6\u00d6DE KOORDINEERIMINE - Profwelding","robots":{"index":"index","follow":"follow","max-snippet":"max-snippet:-1","max-image-preview":"max-image-preview:large","max-video-preview":"max-video-preview:-1"},"canonical":"https:\/\/profwelding.ee\/teenused\/keevitustoode-koordineerimine\/","og_locale":"ru_RU","og_type":"article","og_title":"KEEVITUST\u00d6\u00d6DE KOORDINEERIMINE - Profwelding","og_url":"https:\/\/profwelding.ee\/teenused\/keevitustoode-koordineerimine\/","og_site_name":"Profwelding","twitter_card":"summary_large_image","schema":{"@context":"https:\/\/schema.org","@graph":[{"@type":"WebPage","@id":"https:\/\/profwelding.ee\/teenused\/keevitustoode-koordineerimine\/","url":"https:\/\/profwelding.ee\/teenused\/keevitustoode-koordineerimine\/","name":"KEEVITUST\u00d6\u00d6DE KOORDINEERIMINE - Profwelding","isPartOf":{"@id":"https:\/\/profwelding.ee\/#website"},"datePublished":"2021-05-12T07:39:44+00:00","breadcrumb":{"@id":"https:\/\/profwelding.ee\/teenused\/keevitustoode-koordineerimine\/#breadcrumb"},"inLanguage":"ru-RU","potentialAction":[{"@type":"ReadAction","target":["https:\/\/profwelding.ee\/teenused\/keevitustoode-koordineerimine\/"]}]},{"@type":"BreadcrumbList","@id":"https:\/\/profwelding.ee\/teenused\/keevitustoode-koordineerimine\/#breadcrumb","itemListElement":[{"@type":"ListItem","position":1,"name":"Home","item":"https:\/\/profwelding.ee\/ru\/"},{"@type":"ListItem","position":2,"name":"\u0423\u0441\u043b\u0443\u0433\u0438","item":"https:\/\/profwelding.ee\/teenused\/"},{"@type":"ListItem","position":3,"name":"KEEVITUST\u00d6\u00d6DE KOORDINEERIMINE"}]},{"@type":"WebSite","@id":"https:\/\/profwelding.ee\/#website","url":"https:\/\/profwelding.ee\/","name":"Profwelding","description":"Keevituslahendused","potentialAction":[{"@type":"SearchAction","target":{"@type":"EntryPoint","urlTemplate":"https:\/\/profwelding.ee\/?s={search_term_string}"},"query-input":{"@type":"PropertyValueSpecification","valueRequired":true,"valueName":"search_term_string"}}],"inLanguage":"ru-RU"}]}},"_links":{"self":[{"href":"https:\/\/profwelding.ee\/ru\/wp-json\/wp\/v2\/pages\/2635","targetHints":{"allow":["GET"]}}],"collection":[{"href":"https:\/\/profwelding.ee\/ru\/wp-json\/wp\/v2\/pages"}],"about":[{"href":"https:\/\/profwelding.ee\/ru\/wp-json\/wp\/v2\/types\/page"}],"author":[{"embeddable":true,"href":"https:\/\/profwelding.ee\/ru\/wp-json\/wp\/v2\/users\/1"}],"replies":[{"embeddable":true,"href":"https:\/\/profwelding.ee\/ru\/wp-json\/wp\/v2\/comments?post=2635"}],"version-history":[{"count":0,"href":"https:\/\/profwelding.ee\/ru\/wp-json\/wp\/v2\/pages\/2635\/revisions"}],"up":[{"embeddable":true,"href":"https:\/\/profwelding.ee\/ru\/wp-json\/wp\/v2\/pages\/2059"}],"wp:attachment":[{"href":"https:\/\/profwelding.ee\/ru\/wp-json\/wp\/v2\/media?parent=2635"}],"curies":[{"name":"wp","href":"https:\/\/api.w.org\/{rel}","templated":true}]}}