{"id":2636,"date":"2021-05-12T07:40:01","date_gmt":"2021-05-12T07:40:01","guid":{"rendered":"https:\/\/profwelding.ee\/teenused\/tehnoloogia\/"},"modified":"2021-05-12T07:40:01","modified_gmt":"2021-05-12T07:40:01","slug":"tehnoloogia","status":"publish","type":"page","link":"https:\/\/profwelding.ee\/ru\/teenused\/tehnoloogia\/","title":{"rendered":"TEHNOLOOGIA"},"content":{"rendered":"<div id=\"acf-block_609b917da055c\" class=\"acf-block-element block-graybackground\"><div class=\"row\"><div class=\"col-12 col-xl-11\"><div class=\"block--inner\">\n<div id=\"acf-block_609b9182a055d\" class=\"acf-block-element block-txtmedia\"><div class=\"d-flex flex-wrap block-txtmedia-item\"><div class=\"block-txtmedia--content\">\n<h3 id=\"acf-block_609b925da055e\" class=\"wp-el d-flex flex-wrap align-items-center block-iconheading\"><span class=\"block-iconheading--icon d-flex flex-wrap align-items-center justify-content-center align-self-start\"><img decoding=\"async\" src=\"https:\/\/profwelding.ee\/wp-content\/uploads\/2021\/05\/edit.svg\" alt=\"\" \/><\/span><span class=\"block-iconheading--text\">\u00d5ieti valitud tehnoloogia tagab:<\/span><\/h3>\n\n\n<ul class=\"ul-checked wp-el wp-block-list\"><li>N\u00f5uetele vastava toote<\/li><li>Stabiilse kvaliteedi<\/li><li>Rahuloleva kliendi<\/li><\/ul>\n\n\n<h3 id=\"acf-block_609b930fa055f\" class=\"wp-el d-flex flex-wrap align-items-center block-iconheading\"><span class=\"block-iconheading--icon d-flex flex-wrap align-items-center justify-content-center align-self-start\"><img decoding=\"async\" src=\"https:\/\/profwelding.ee\/wp-content\/uploads\/2021\/05\/edit.svg\" alt=\"\" \/><\/span><span class=\"block-iconheading--text\">Aastate jooksul on tekkinud erinevat t\u00fc\u00fcpi  probleemide lahendamisega hulga kogemusi:<\/span><\/h3>\n\n\n<ul class=\"wp-el wp-block-list\"><li>Milliseid tolerantse on v\u00f5imalik saavutada<\/li><li>Sobilikumad seadmed ja erinevad meetodid<\/li><li>Kus keevitajad k\u00f5ige enam eksivad<\/li><li>T\u00fc\u00fcpvead ja defektid<\/li><li>Mis on kliendile vastuv\u00f5etav ja mis v\u00e4listatud<\/li><li>Milliste n\u00f5uete kohapealt pingutada ja kus v\u00f5ib olla paindlikum<\/li><li>Vale keevitustehnika ning \u00fclearune j\u00e4rel t\u00f6\u00f6tlus<\/li><li>Deformatsioonide v\u00e4hendamine rakistuse ja keevitusj\u00e4rjekorra muutmise l\u00e4bi<\/li><li>Toodete rihtimine\/sirgestamine<\/li><li>Kellele helistada, kui endal m\u00f5istus otsas<\/li><\/ul>\n\n\n\n<p class=\"wp-el\"><em>Oleme valmis jagama oma kogemusi teiega.<br>Ja kui meie kogemusest j\u00e4\u00e4b v\u00e4heks, siis leiame kindlasti<br>kellegi kellel on seda rohkem.<\/em><\/p>\n\n<\/div><div class=\"block-txtmedia--media media-narrow\"><div class=\"gallery gallery-reverse\"><div class=\"gallery-item\"><a href=\"\" data-fancybox=\"acf-block_609b9182a055d\"><img loading=\"lazy\" decoding=\"async\" width=\"470\" height=\"200\" src=\"https:\/\/profwelding.ee\/wp-content\/uploads\/fly-images\/1813\/tehnoloogia-1-470x200-c.jpg\" class=\"attachment-img-470x200\" alt=\"tehnoloogia-1\" \/><\/a><\/div><div class=\"gallery-item\"><a href=\"\" data-fancybox=\"acf-block_609b9182a055d\"><img loading=\"lazy\" decoding=\"async\" width=\"220\" height=\"190\" src=\"https:\/\/profwelding.ee\/wp-content\/uploads\/fly-images\/1811\/tehnoloogia-3-220x190-c.jpg\" class=\"attachment-img-220x190\" alt=\"tehnoloogia-3\" \/><\/a><\/div><div class=\"gallery-item\"><a href=\"\" data-fancybox=\"acf-block_609b9182a055d\"><img loading=\"lazy\" decoding=\"async\" width=\"220\" height=\"190\" src=\"https:\/\/profwelding.ee\/wp-content\/uploads\/fly-images\/1814\/tehnoloogia-2-220x190-c.jpg\" class=\"attachment-img-220x190\" alt=\"tehnoloogia-2\" \/><\/a><\/div><div class=\"gallery-item\"><a href=\"\" data-fancybox=\"acf-block_609b9182a055d\"><img loading=\"lazy\" decoding=\"async\" width=\"470\" height=\"200\" src=\"https:\/\/profwelding.ee\/wp-content\/uploads\/fly-images\/1812\/tehnoloogia-4-470x200-c.jpg\" class=\"attachment-img-470x200\" alt=\"tehnoloogia-4\" \/><\/a><\/div><\/div><\/div><\/div><\/div>\n<\/div><\/div><\/div><\/div>","protected":false},"excerpt":{"rendered":"","protected":false},"author":1,"featured_media":0,"parent":2059,"menu_order":60,"comment_status":"closed","ping_status":"closed","template":"","meta":{"_acf_changed":false,"inline_featured_image":false,"footnotes":""},"class_list":["post-2636","page","type-page","status-publish","hentry"],"acf":[],"yoast_head":"<!-- This site is optimized with the Yoast SEO plugin v26.8 - https:\/\/yoast.com\/product\/yoast-seo-wordpress\/ -->\n<title>TEHNOLOOGIA - Profwelding<\/title>\n<meta name=\"robots\" content=\"index, follow, max-snippet:-1, max-image-preview:large, max-video-preview:-1\" \/>\n<link rel=\"canonical\" href=\"https:\/\/profwelding.ee\/?page_id=447\" \/>\n<meta property=\"og:locale\" content=\"ru_RU\" \/>\n<meta property=\"og:type\" content=\"article\" \/>\n<meta property=\"og:title\" content=\"TEHNOLOOGIA - Profwelding\" \/>\n<meta property=\"og:url\" content=\"https:\/\/profwelding.ee\/?page_id=447\" \/>\n<meta property=\"og:site_name\" content=\"Profwelding\" \/>\n<meta name=\"twitter:card\" content=\"summary_large_image\" \/>\n<script type=\"application\/ld+json\" class=\"yoast-schema-graph\">{\"@context\":\"https:\/\/schema.org\",\"@graph\":[{\"@type\":\"WebPage\",\"@id\":\"https:\/\/profwelding.ee\/?page_id=447\",\"url\":\"https:\/\/profwelding.ee\/?page_id=447\",\"name\":\"TEHNOLOOGIA - Profwelding\",\"isPartOf\":{\"@id\":\"https:\/\/profwelding.ee\/#website\"},\"datePublished\":\"2021-05-12T07:40:01+00:00\",\"breadcrumb\":{\"@id\":\"https:\/\/profwelding.ee\/?page_id=447#breadcrumb\"},\"inLanguage\":\"ru-RU\",\"potentialAction\":[{\"@type\":\"ReadAction\",\"target\":[\"https:\/\/profwelding.ee\/?page_id=447\"]}]},{\"@type\":\"BreadcrumbList\",\"@id\":\"https:\/\/profwelding.ee\/?page_id=447#breadcrumb\",\"itemListElement\":[{\"@type\":\"ListItem\",\"position\":1,\"name\":\"Home\",\"item\":\"https:\/\/profwelding.ee\/ru\/\"},{\"@type\":\"ListItem\",\"position\":2,\"name\":\"\u0423\u0441\u043b\u0443\u0433\u0438\",\"item\":\"https:\/\/profwelding.ee\/teenused\/\"},{\"@type\":\"ListItem\",\"position\":3,\"name\":\"TEHNOLOOGIA\"}]},{\"@type\":\"WebSite\",\"@id\":\"https:\/\/profwelding.ee\/#website\",\"url\":\"https:\/\/profwelding.ee\/\",\"name\":\"Profwelding\",\"description\":\"Keevituslahendused\",\"potentialAction\":[{\"@type\":\"SearchAction\",\"target\":{\"@type\":\"EntryPoint\",\"urlTemplate\":\"https:\/\/profwelding.ee\/?s={search_term_string}\"},\"query-input\":{\"@type\":\"PropertyValueSpecification\",\"valueRequired\":true,\"valueName\":\"search_term_string\"}}],\"inLanguage\":\"ru-RU\"}]}<\/script>\n<!-- \/ Yoast SEO plugin. -->","yoast_head_json":{"title":"TEHNOLOOGIA - Profwelding","robots":{"index":"index","follow":"follow","max-snippet":"max-snippet:-1","max-image-preview":"max-image-preview:large","max-video-preview":"max-video-preview:-1"},"canonical":"https:\/\/profwelding.ee\/?page_id=447","og_locale":"ru_RU","og_type":"article","og_title":"TEHNOLOOGIA - Profwelding","og_url":"https:\/\/profwelding.ee\/?page_id=447","og_site_name":"Profwelding","twitter_card":"summary_large_image","schema":{"@context":"https:\/\/schema.org","@graph":[{"@type":"WebPage","@id":"https:\/\/profwelding.ee\/?page_id=447","url":"https:\/\/profwelding.ee\/?page_id=447","name":"TEHNOLOOGIA - Profwelding","isPartOf":{"@id":"https:\/\/profwelding.ee\/#website"},"datePublished":"2021-05-12T07:40:01+00:00","breadcrumb":{"@id":"https:\/\/profwelding.ee\/?page_id=447#breadcrumb"},"inLanguage":"ru-RU","potentialAction":[{"@type":"ReadAction","target":["https:\/\/profwelding.ee\/?page_id=447"]}]},{"@type":"BreadcrumbList","@id":"https:\/\/profwelding.ee\/?page_id=447#breadcrumb","itemListElement":[{"@type":"ListItem","position":1,"name":"Home","item":"https:\/\/profwelding.ee\/ru\/"},{"@type":"ListItem","position":2,"name":"\u0423\u0441\u043b\u0443\u0433\u0438","item":"https:\/\/profwelding.ee\/teenused\/"},{"@type":"ListItem","position":3,"name":"TEHNOLOOGIA"}]},{"@type":"WebSite","@id":"https:\/\/profwelding.ee\/#website","url":"https:\/\/profwelding.ee\/","name":"Profwelding","description":"Keevituslahendused","potentialAction":[{"@type":"SearchAction","target":{"@type":"EntryPoint","urlTemplate":"https:\/\/profwelding.ee\/?s={search_term_string}"},"query-input":{"@type":"PropertyValueSpecification","valueRequired":true,"valueName":"search_term_string"}}],"inLanguage":"ru-RU"}]}},"_links":{"self":[{"href":"https:\/\/profwelding.ee\/ru\/wp-json\/wp\/v2\/pages\/2636","targetHints":{"allow":["GET"]}}],"collection":[{"href":"https:\/\/profwelding.ee\/ru\/wp-json\/wp\/v2\/pages"}],"about":[{"href":"https:\/\/profwelding.ee\/ru\/wp-json\/wp\/v2\/types\/page"}],"author":[{"embeddable":true,"href":"https:\/\/profwelding.ee\/ru\/wp-json\/wp\/v2\/users\/1"}],"replies":[{"embeddable":true,"href":"https:\/\/profwelding.ee\/ru\/wp-json\/wp\/v2\/comments?post=2636"}],"version-history":[{"count":0,"href":"https:\/\/profwelding.ee\/ru\/wp-json\/wp\/v2\/pages\/2636\/revisions"}],"up":[{"embeddable":true,"href":"https:\/\/profwelding.ee\/ru\/wp-json\/wp\/v2\/pages\/2059"}],"wp:attachment":[{"href":"https:\/\/profwelding.ee\/ru\/wp-json\/wp\/v2\/media?parent=2636"}],"curies":[{"name":"wp","href":"https:\/\/api.w.org\/{rel}","templated":true}]}}