{"id":2637,"date":"2021-05-12T07:40:28","date_gmt":"2021-05-12T07:40:28","guid":{"rendered":"https:\/\/profwelding.ee\/teenused\/toote-juurutamine\/"},"modified":"2021-05-12T07:40:28","modified_gmt":"2021-05-12T07:40:28","slug":"toote-juurutamine","status":"publish","type":"page","link":"https:\/\/profwelding.ee\/ru\/teenused\/toote-juurutamine\/","title":{"rendered":"TOOTE JUURUTAMINE"},"content":{"rendered":"<div id=\"acf-block_609ba1d5f0d9e\" class=\"acf-block-element block-graybackground\"><div class=\"row\"><div class=\"col-12 col-xl-11\"><div class=\"block--inner\">\n<div id=\"acf-block_609ba1e1f0d9f\" class=\"acf-block-element block-txtmedia\"><div class=\"d-flex flex-wrap block-txtmedia-item\"><div class=\"block-txtmedia--content\">\n<h3 id=\"acf-block_60aa087b786b9\" class=\"wp-el d-flex flex-wrap align-items-center block-iconheading\"><span class=\"block-iconheading--icon d-flex flex-wrap align-items-center justify-content-center align-self-start\"><img decoding=\"async\" src=\"https:\/\/profwelding.ee\/wp-content\/uploads\/2021\/05\/edit.svg\" alt=\"\" \/><\/span><span class=\"block-iconheading--text\">Peaks ju t\u00f6\u00f6tama<\/span><\/h3>\n\n\n<ul class=\"wp-el wp-block-list\"><li>Teil v\u00f5ib olla ideaalselt ettevalmistatud tootmisdokumentatsioon, kuid praktikas see ei pruugi tagada n\u00f5utud tulemust. <\/li><li>Keevitaja teeb omamoodi nagu harjunud on, meistril ei ole aega, et k\u00f5rval koguaeg seista. Kvaliteet kontrollib seda mis ei ole oluline. Klient esitab reklamatsiooni.<\/li><\/ul>\n\n\n\n<p class=\"wp-el\">Et seda v\u00e4ltida on hea, kui projektiinsener k\u00e4ib koos projektiga otsast l\u00f5puni kaasas.<\/p>\n\n<\/div><div class=\"block-txtmedia--media\"><a href=\"https:\/\/profwelding.ee\/wp-content\/uploads\/2021\/05\/projekti-juurutus-1200x800.jpeg\" class=\"shadow-box\"><img loading=\"lazy\" decoding=\"async\" width=\"570\" height=\"380\" src=\"https:\/\/profwelding.ee\/wp-content\/uploads\/fly-images\/1898\/projekti-juurutus-scaled-570x380-c.jpeg\" class=\"attachment-img-570x380\" alt=\"Welder industrial worker welding with argon machine.\" \/><\/a><\/div><\/div><\/div>\n\n<div id=\"acf-block_609ba210f0da0\" class=\"acf-block-element block-txtmedia\"><div class=\"d-flex flex-wrap block-txtmedia-item\"><div class=\"block-txtmedia--content\">\n<h3 id=\"acf-block_609ba21cf0da1\" class=\"wp-el d-flex flex-wrap align-items-center block-iconheading\"><span class=\"block-iconheading--icon d-flex flex-wrap align-items-center justify-content-center align-self-start\"><img decoding=\"async\" src=\"https:\/\/profwelding.ee\/wp-content\/uploads\/2021\/05\/edit.svg\" alt=\"\" \/><\/span><span class=\"block-iconheading--text\">Siit hakkab pihta k\u00f5ige mahukam osa. <\/span><\/h3>\n\n\n<ul class=\"wp-el wp-block-list\"><li>Meistritega kokku leppimine, mida mis j\u00e4rjekorras ja kuidas keevitada.&nbsp;<\/li><li>Kvaliteedile selgitada, millele p\u00f6\u00f6rata r\u00f5hku ja kus on riskikohad.<\/li><li>K\u00e4ia kontrollida nii keevitajaid, meistreid kui ka kvaliteeti. V\u00e4ga tihti saab iga\u00fcks omamoodi aru ja tulemus ei pruugi olla see mis algselt plaanitud.<\/li><li>Suhelda tihedalt planeerijate ja projektijuhtidega, et k\u00f5ik pooltooted oleks tellitud ja allhankesse minevad operatsioonid oleksid \u00f5igeaegselt broneeritud.<\/li><li>J\u00e4lgida ajatabelit ja hoida k\u00f5igil k\u00e4tt pulsil.<\/li><li>Helistada ja kontrollida, helistada ja kontrollida ja veelkord \u2026 .<\/li><\/ul>\n\n\n<h3 id=\"acf-block_609ba275f0da2\" class=\"wp-el d-flex flex-wrap align-items-center block-iconheading\"><span class=\"block-iconheading--icon d-flex flex-wrap align-items-center justify-content-center align-self-start\"><img decoding=\"async\" src=\"https:\/\/profwelding.ee\/wp-content\/uploads\/2021\/05\/edit.svg\" alt=\"\" \/><\/span><span class=\"block-iconheading--text\">T\u00e4nu aastate pikkusele kogemusele on tekkinud tunnetus:<\/span><\/h3>\n\n\n<ul class=\"ul-checked wp-el wp-block-list\"><li>Millega k\u00f5ige rohkem eksitakse ja millistes etappides<strong><\/strong><\/li><li>Mis p\u00f5hjusel ei j\u00f5uta tooteid<strong> <\/strong>\u00f5igeaegselt majast v\u00e4lja<strong><\/strong><\/li><li>Millised on t\u00fc\u00fcpilised<strong> <\/strong>keevitusdefektid<strong><\/strong><\/li><li>Millised on erinevate klientide piirid kust \u00fcle<strong> <\/strong>astuda ei tohi<strong><\/strong><\/li><li>Ning<strong> <\/strong>l\u00f5ppkokkuv\u00f5ttes miks klient ei ole tulemusega rahul<strong><\/strong><\/li><\/ul>\n\n<\/div><div class=\"block-txtmedia--media media-narrow\"><a href=\"https:\/\/profwelding.ee\/wp-content\/uploads\/2021\/05\/toote-juurutamine-2.jpg\" class=\"shadow-box\"><img loading=\"lazy\" decoding=\"async\" width=\"470\" height=\"588\" src=\"https:\/\/profwelding.ee\/wp-content\/uploads\/fly-images\/1824\/toote-juurutamine-2-470x9000.jpg\" class=\"attachment-img-470-soft\" alt=\"toote-juurutamine-2\" \/><\/a><\/div><\/div><\/div>\n\n<h3 id=\"acf-block_609ba2b1f0da3\" class=\"wp-el d-flex flex-wrap align-items-center block-iconheading\"><span class=\"block-iconheading--icon d-flex flex-wrap align-items-center justify-content-center align-self-start\"><img decoding=\"async\" src=\"https:\/\/profwelding.ee\/wp-content\/uploads\/2021\/05\/edit.svg\" alt=\"\" \/><\/span><span class=\"block-iconheading--text\">Mis te v\u00f5idate kui kasutate meie abi? <\/span><\/h3>\n\n\n<ul class=\"ul-checked wp-el wp-block-list\"><li>S\u00e4\u00e4state aega ilma, et peaks v\u00e4lja selgitama k\u00f5iki n\u00f5udeid lugedes erinevaid standardeid.<\/li><li>Koos t\u00f6\u00f6tades \u00f5pime \u00fcksteiselt midagi uut.<\/li><li>Ei pea muretsema kas teil on piisavalt aega, et v\u00e4lja t\u00f6\u00f6tada tehnoloogia ja teha k\u00f5ik vajalikud katsetused.<\/li><li>Meil on suur kogemus nii erinevate materjalide, s\u00f5lmede keevitamise, deformatsiooni ja rakistuse poole pealt. Mist\u00f5ttu n\u00e4eme juba projekti algul \u00e4ra potentsiaalsed riskikohad, ajakulu ja kas teil on suutlikust, et antud projekt kvaliteetselt valmis teha.<\/li><li>Anname n\u00f5u kuidas dokumentatsioon tootmiseks ette valmistada. (Joonised juhendid, protseduurid, rapordid.)<\/li><li>Koolitame keevitajatele \u00f5ige keevitustehnika ja kontrollpersonalile kvaliteedin\u00f5uete tundmist.<\/li><\/ul>\n\n<\/div><\/div><\/div><\/div>\n\n\n<h2 class=\"has-text-align-center wp-el wp-block-heading\">Meid on usaldanud<\/h2>\n\n\n<div id=\"acf-block_60ab597168da6\" class=\"acf-block-element block-partners\"><div class=\"row row-grid row-partners justify-content-center\"><div class=\"col-6 col-sm-auto\" data-aos=\"fade-up\"><a href=\"https:\/\/hanza.com\/en\/contact\/\" target=\"\"  id=\"nordecon\" class=\"d-flex flex-wrap align-items-center justify-content-center partner-item\"><img loading=\"lazy\" decoding=\"async\" src=\"https:\/\/profwelding.ee\/wp-content\/uploads\/fly-images\/1899\/hanza-logo-2-150x60.jpg\" width=\"150\" height=\"60\" \/><\/a><\/div><div class=\"col-6 col-sm-auto\" data-aos=\"fade-up\" data-aos-delay=\"200\"><a href=\"https:\/\/sjoelund.com\/\" target=\"\"  id=\"kmg\" class=\"d-flex flex-wrap align-items-center justify-content-center partner-item\"><img loading=\"lazy\" decoding=\"async\" src=\"https:\/\/profwelding.ee\/wp-content\/uploads\/fly-images\/1903\/sjolund-2-150x60.png\" width=\"150\" height=\"60\" \/><\/a><\/div><\/div><\/div>","protected":false},"excerpt":{"rendered":"<p>Meid on usaldanud<\/p>\n","protected":false},"author":1,"featured_media":0,"parent":2059,"menu_order":70,"comment_status":"closed","ping_status":"closed","template":"","meta":{"_acf_changed":false,"inline_featured_image":false,"footnotes":""},"class_list":["post-2637","page","type-page","status-publish","hentry"],"acf":[],"yoast_head":"<!-- This site is optimized with the Yoast SEO plugin v26.8 - https:\/\/yoast.com\/product\/yoast-seo-wordpress\/ -->\n<title>TOOTE JUURUTAMINE - Profwelding<\/title>\n<meta name=\"robots\" content=\"index, follow, max-snippet:-1, max-image-preview:large, max-video-preview:-1\" \/>\n<link rel=\"canonical\" href=\"https:\/\/profwelding.ee\/?page_id=449\" \/>\n<meta property=\"og:locale\" content=\"ru_RU\" \/>\n<meta property=\"og:type\" content=\"article\" \/>\n<meta property=\"og:title\" content=\"TOOTE JUURUTAMINE - Profwelding\" \/>\n<meta property=\"og:description\" content=\"Meid on usaldanud\" \/>\n<meta property=\"og:url\" content=\"https:\/\/profwelding.ee\/?page_id=449\" \/>\n<meta property=\"og:site_name\" content=\"Profwelding\" \/>\n<meta name=\"twitter:card\" content=\"summary_large_image\" \/>\n<meta name=\"twitter:label1\" content=\"\u041f\u0440\u0438\u043c\u0435\u0440\u043d\u043e\u0435 \u0432\u0440\u0435\u043c\u044f \u0434\u043b\u044f \u0447\u0442\u0435\u043d\u0438\u044f\" \/>\n\t<meta name=\"twitter:data1\" content=\"1 \u043c\u0438\u043d\u0443\u0442\u0430\" \/>\n<script type=\"application\/ld+json\" class=\"yoast-schema-graph\">{\"@context\":\"https:\/\/schema.org\",\"@graph\":[{\"@type\":\"WebPage\",\"@id\":\"https:\/\/profwelding.ee\/?page_id=449\",\"url\":\"https:\/\/profwelding.ee\/?page_id=449\",\"name\":\"TOOTE JUURUTAMINE - Profwelding\",\"isPartOf\":{\"@id\":\"https:\/\/profwelding.ee\/#website\"},\"datePublished\":\"2021-05-12T07:40:28+00:00\",\"breadcrumb\":{\"@id\":\"https:\/\/profwelding.ee\/?page_id=449#breadcrumb\"},\"inLanguage\":\"ru-RU\",\"potentialAction\":[{\"@type\":\"ReadAction\",\"target\":[\"https:\/\/profwelding.ee\/?page_id=449\"]}]},{\"@type\":\"BreadcrumbList\",\"@id\":\"https:\/\/profwelding.ee\/?page_id=449#breadcrumb\",\"itemListElement\":[{\"@type\":\"ListItem\",\"position\":1,\"name\":\"Home\",\"item\":\"https:\/\/profwelding.ee\/ru\/\"},{\"@type\":\"ListItem\",\"position\":2,\"name\":\"\u0423\u0441\u043b\u0443\u0433\u0438\",\"item\":\"https:\/\/profwelding.ee\/teenused\/\"},{\"@type\":\"ListItem\",\"position\":3,\"name\":\"TOOTE JUURUTAMINE\"}]},{\"@type\":\"WebSite\",\"@id\":\"https:\/\/profwelding.ee\/#website\",\"url\":\"https:\/\/profwelding.ee\/\",\"name\":\"Profwelding\",\"description\":\"Keevituslahendused\",\"potentialAction\":[{\"@type\":\"SearchAction\",\"target\":{\"@type\":\"EntryPoint\",\"urlTemplate\":\"https:\/\/profwelding.ee\/?s={search_term_string}\"},\"query-input\":{\"@type\":\"PropertyValueSpecification\",\"valueRequired\":true,\"valueName\":\"search_term_string\"}}],\"inLanguage\":\"ru-RU\"}]}<\/script>\n<!-- \/ Yoast SEO plugin. -->","yoast_head_json":{"title":"TOOTE JUURUTAMINE - Profwelding","robots":{"index":"index","follow":"follow","max-snippet":"max-snippet:-1","max-image-preview":"max-image-preview:large","max-video-preview":"max-video-preview:-1"},"canonical":"https:\/\/profwelding.ee\/?page_id=449","og_locale":"ru_RU","og_type":"article","og_title":"TOOTE JUURUTAMINE - Profwelding","og_description":"Meid on usaldanud","og_url":"https:\/\/profwelding.ee\/?page_id=449","og_site_name":"Profwelding","twitter_card":"summary_large_image","twitter_misc":{"\u041f\u0440\u0438\u043c\u0435\u0440\u043d\u043e\u0435 \u0432\u0440\u0435\u043c\u044f \u0434\u043b\u044f \u0447\u0442\u0435\u043d\u0438\u044f":"1 \u043c\u0438\u043d\u0443\u0442\u0430"},"schema":{"@context":"https:\/\/schema.org","@graph":[{"@type":"WebPage","@id":"https:\/\/profwelding.ee\/?page_id=449","url":"https:\/\/profwelding.ee\/?page_id=449","name":"TOOTE JUURUTAMINE - Profwelding","isPartOf":{"@id":"https:\/\/profwelding.ee\/#website"},"datePublished":"2021-05-12T07:40:28+00:00","breadcrumb":{"@id":"https:\/\/profwelding.ee\/?page_id=449#breadcrumb"},"inLanguage":"ru-RU","potentialAction":[{"@type":"ReadAction","target":["https:\/\/profwelding.ee\/?page_id=449"]}]},{"@type":"BreadcrumbList","@id":"https:\/\/profwelding.ee\/?page_id=449#breadcrumb","itemListElement":[{"@type":"ListItem","position":1,"name":"Home","item":"https:\/\/profwelding.ee\/ru\/"},{"@type":"ListItem","position":2,"name":"\u0423\u0441\u043b\u0443\u0433\u0438","item":"https:\/\/profwelding.ee\/teenused\/"},{"@type":"ListItem","position":3,"name":"TOOTE JUURUTAMINE"}]},{"@type":"WebSite","@id":"https:\/\/profwelding.ee\/#website","url":"https:\/\/profwelding.ee\/","name":"Profwelding","description":"Keevituslahendused","potentialAction":[{"@type":"SearchAction","target":{"@type":"EntryPoint","urlTemplate":"https:\/\/profwelding.ee\/?s={search_term_string}"},"query-input":{"@type":"PropertyValueSpecification","valueRequired":true,"valueName":"search_term_string"}}],"inLanguage":"ru-RU"}]}},"_links":{"self":[{"href":"https:\/\/profwelding.ee\/ru\/wp-json\/wp\/v2\/pages\/2637","targetHints":{"allow":["GET"]}}],"collection":[{"href":"https:\/\/profwelding.ee\/ru\/wp-json\/wp\/v2\/pages"}],"about":[{"href":"https:\/\/profwelding.ee\/ru\/wp-json\/wp\/v2\/types\/page"}],"author":[{"embeddable":true,"href":"https:\/\/profwelding.ee\/ru\/wp-json\/wp\/v2\/users\/1"}],"replies":[{"embeddable":true,"href":"https:\/\/profwelding.ee\/ru\/wp-json\/wp\/v2\/comments?post=2637"}],"version-history":[{"count":0,"href":"https:\/\/profwelding.ee\/ru\/wp-json\/wp\/v2\/pages\/2637\/revisions"}],"up":[{"embeddable":true,"href":"https:\/\/profwelding.ee\/ru\/wp-json\/wp\/v2\/pages\/2059"}],"wp:attachment":[{"href":"https:\/\/profwelding.ee\/ru\/wp-json\/wp\/v2\/media?parent=2637"}],"curies":[{"name":"wp","href":"https:\/\/api.w.org\/{rel}","templated":true}]}}