{"id":2641,"date":"2021-05-08T06:50:45","date_gmt":"2021-05-08T06:50:45","guid":{"rendered":"https:\/\/profwelding.ee\/meist\/"},"modified":"2024-02-17T19:21:19","modified_gmt":"2024-02-17T19:21:19","slug":"meist","status":"publish","type":"page","link":"https:\/\/profwelding.ee\/ru\/meist\/","title":{"rendered":"\u0418\u0437 \u043d\u0430\u0441"},"content":{"rendered":"\n<h2 class=\"wp-el wp-block-heading\">Arengulugu<\/h2>\n\n\n<div id=\"acf-block_609bd677b6ac4\" class=\"acf-block-element block-graybackground\"><div class=\"row\"><div class=\"col-12 col-xl-11\"><div class=\"block--inner\">\n<div id=\"acf-block_609bd68ab6ac5\" class=\"acf-block-element block-txtmedia\"><div class=\"d-flex flex-wrap block-txtmedia-item\"><div class=\"block-txtmedia--content\">\n\n<p class=\"wp-el\">Konstrueerimine ja eneseteostus l\u00e4bi projektide juurutamise ning valmis tulemuse n\u00e4gemine on olnud kirg alates lapsep\u00f5lvest.<\/p>\n\n\n\n<p class=\"wp-el\">Olles t\u00f6\u00f6tanud 12a keevitusvaldkonnas ning puutudes kokku igap\u00e4evaselt rakiste projekteerimise ja toodete juurutamisega, tekkis \u00fchel hetkel soov siduda k\u00f5ik eelnev kogemus ja pakkuda terviklahendust valdkonnas, kus on spetsialistide puudus.<\/p>\n\n\n\n<p class=\"wp-el\">T\u00f6\u00f6tades erinevate klientide ja projektidega saan nautida seda, mis mulle t\u00f5eliselt r\u00f5\u00f5mu pakub.<\/p>\n\n\n\n<p class=\"wp-el\">Aastate jooksul on tekkinud hulga sidemeid koost\u00f6\u00f6partnerite, spetsialistide, \u00f5ppej\u00f5udude ning audiitoritega. Kui enda teadmistest j\u00e4\u00e4b napiks on alati kelle poole p\u00f6\u00f6rduda.<\/p>\n\n<\/div><div class=\"block-txtmedia--media\"><a href=\"https:\/\/profwelding.ee\/wp-content\/uploads\/2021\/05\/ettevottest-1.jpg\" class=\"shadow-box\"><img loading=\"lazy\" decoding=\"async\" width=\"570\" height=\"743\" src=\"https:\/\/profwelding.ee\/wp-content\/uploads\/fly-images\/1835\/ettevottest-1-570x9000.jpg\" class=\"attachment-img-570-soft\" alt=\"ettevottest-1\" \/><\/a><\/div><\/div><\/div>\n<\/div><\/div><\/div><\/div>\n\n\n<h2 class=\"wp-el wp-block-heading\">T\u00f6\u00f6kogemus:<\/h2>\n\n\n<div id=\"acf-block_609bd78eb6ac6\" class=\"acf-block-element block-graybackground\"><div class=\"row\"><div class=\"col-12 col-xl-11\"><div class=\"block--inner\">\n<div id=\"acf-block_609bd791b6ac7\" class=\"acf-block-element block-txtmedia\"><div class=\"d-flex flex-wrap block-txtmedia-item\"><div class=\"block-txtmedia--content\">\n\n<figure class=\"wp-block-table\"><table><tbody><tr><td>2019. a<\/td><td>PROFWELDING o\u00fc&nbsp;&nbsp;Keevitusinsener, projektijuht<\/td><\/tr><tr><td>2013. a<\/td><td>CUTFORM Keevitusinsener k\u00e4si- ja robotkeevitus toodete&nbsp;juurutus, rakiste konstrueerimine.<\/td><\/tr><tr><td>2012. a<\/td><td>NEPEAN Eng. Keevitaja&nbsp;(Austraalia &#8212; Sydney)<\/td><\/tr><tr><td>2011. a<\/td><td>CUTFORM&nbsp;Insener&nbsp; Painutus ja keevitus toodete juurutus, rakised<\/td><\/tr><tr><td>2009. a<\/td><td>FAVOR&nbsp;Tehnoloog Laserl\u00f5ikamine, painutus, keevitus, rakised<\/td><\/tr><tr><td>2007. a<\/td><td>Rumia&nbsp;&nbsp;Konstruktor Metall konstruktsioonide konstrueerimine<\/td><\/tr><tr><td>2006. a<\/td><td>PNJ&nbsp;Operaator CNC freesimine, rakiste valmistamine<\/td><\/tr><\/tbody><\/table><\/figure>\n\n<\/div><div class=\"block-txtmedia--media\"><a href=\"https:\/\/profwelding.ee\/wp-content\/uploads\/2021\/05\/ettevottest-2.jpg\" class=\"shadow-box\"><img loading=\"lazy\" decoding=\"async\" width=\"570\" height=\"380\" src=\"https:\/\/profwelding.ee\/wp-content\/uploads\/fly-images\/1836\/ettevottest-2-570x380-c.jpg\" class=\"attachment-img-570x380\" alt=\"ettevottest-2\" \/><\/a><\/div><\/div><\/div>\n<\/div><\/div><\/div><\/div>\n\n\n<h2 class=\"wp-el wp-block-heading\">Haridusk\u00e4ik<\/h2>\n\n\n<div id=\"acf-block_609bd7e8b6ac8\" class=\"acf-block-element block-graybackground\"><div class=\"row\"><div class=\"col-12 col-xl-11\"><div class=\"block--inner\">\n<div id=\"acf-block_609bd7ebb6ac9\" class=\"acf-block-element block-txtmedia\"><div class=\"d-flex flex-wrap block-txtmedia-item\"><div class=\"block-txtmedia--content\">\n\n<figure class=\"wp-block-table\"><table><tbody><tr><td>2014. a<\/td><td>DVS Diplomi\u00f5pe \u201eRahvusvahelise keevitus inseneri \u201eIWE\u201d<\/td><\/tr><tr><td>2015. a<\/td><td>TT\u00dc Magistri\u00f5pe \u201eTootmistehnika tootearendus\u201c<\/td><\/tr><tr><td>2016. a<\/td><td>TTK Diplomi\u00f5pe \u201eMasinaehitus spetsialiseerunud automatiseerimisele\u201c<\/td><\/tr><\/tbody><\/table><\/figure>\n\n<\/div><div class=\"block-txtmedia--media\"><a href=\"https:\/\/profwelding.ee\/wp-content\/uploads\/2021\/05\/ettevottest-3.jpg\" class=\"shadow-box\"><img loading=\"lazy\" decoding=\"async\" width=\"570\" height=\"380\" src=\"https:\/\/profwelding.ee\/wp-content\/uploads\/fly-images\/1837\/ettevottest-3-570x380-c.jpg\" class=\"attachment-img-570x380\" alt=\"ettevottest-3\" \/><\/a><\/div><\/div><\/div>\n<\/div><\/div><\/div><\/div>\n\n\n<h2 class=\"wp-el wp-block-heading\">T\u00e4iendkoolitused<\/h2>\n\n\n<div id=\"acf-block_609bd82eb6aca\" class=\"acf-block-element block-graybackground\"><div class=\"row\"><div class=\"col-12 col-xl-11\"><div class=\"block--inner\">\n<div id=\"acf-block_609bd831b6acb\" class=\"acf-block-element block-txtmedia\"><div class=\"d-flex flex-wrap block-txtmedia-item\"><div class=\"block-txtmedia--content\">\n\n<figure class=\"wp-block-table\"><table><tbody><tr><td><strong>2020. a<\/strong><\/td><td><strong>Yaskava Robotite juhtimine<\/strong><\/td><\/tr><tr><td><strong>2018. a<\/strong><\/td><td><strong>Keeviste magnetpulberkontroll MT2 sertifikaat<\/strong><\/td><\/tr><tr><td>2017. a<\/td><td>Robotid ja automatiseerimine<\/td><\/tr><tr><td>2017. a<\/td><td>Olukord ja areng keevitusprotseduurides<\/td><\/tr><tr><td>2016. a<\/td><td>Hetke trendid keevitus ja \u00fchendus tehnoloogias<\/td><\/tr><tr><td><strong>2015. a<\/strong><\/td><td><strong>Keevituse visuaalne kontroll VT2 sertifikaat<\/strong><\/td><\/tr><tr><td>2015. a<\/td><td>Basics of structural design acc. to the stand. series EN 1990<\/td><\/tr><tr><td>2015. a<\/td><td>Welding, cutting and allied processes<\/td><\/tr><tr><td>2015. a<\/td><td>Metallography chemical metal composition analysersJuhi kool<\/td><\/tr><\/tbody><\/table><\/figure>\n\n\n\n<figure class=\"wp-block-table\"><table><tbody><tr><td>2014. a<\/td><td>Workshop and annual assembly of the DVS regional Association<\/td><\/tr><tr><td>2014. a<\/td><td>Current status and prospect of regulation for welding, testing and inspection<\/td><\/tr><tr><td><strong>2014. a<\/strong><\/td><td><strong>ABB keevitusrobotite juhtimine<\/strong><\/td><\/tr><tr><td>2011. a<\/td><td>AMADA Laserl\u00f5ikepingi opereerimine<\/td><\/tr><tr><td>2010. a<\/td><td>TRUMF Laserl\u00f5ikepingi opereerimine (TRUMF-tehas Saksamaal)<\/td><\/tr><\/tbody><\/table><\/figure>\n\n<\/div><div class=\"block-txtmedia--media\"><a href=\"https:\/\/profwelding.ee\/wp-content\/uploads\/2021\/05\/ettevottest-4.jpg\" class=\"shadow-box\"><img loading=\"lazy\" decoding=\"async\" width=\"570\" height=\"380\" src=\"https:\/\/profwelding.ee\/wp-content\/uploads\/fly-images\/1838\/ettevottest-4-570x380-c.jpg\" class=\"attachment-img-570x380\" alt=\"ettevottest-4\" \/><\/a><\/div><\/div><\/div>\n<\/div><\/div><\/div><\/div>","protected":false},"excerpt":{"rendered":"<p>Arengulugu T\u00f6\u00f6kogemus: Haridusk\u00e4ik T\u00e4iendkoolitused<\/p>\n","protected":false},"author":1,"featured_media":0,"parent":0,"menu_order":40,"comment_status":"closed","ping_status":"closed","template":"","meta":{"_acf_changed":false,"inline_featured_image":false,"footnotes":""},"class_list":["post-2641","page","type-page","status-publish","hentry"],"acf":[],"yoast_head":"<!-- This site is optimized with the Yoast SEO plugin v26.8 - https:\/\/yoast.com\/product\/yoast-seo-wordpress\/ -->\n<title>\u0418\u0437 \u043d\u0430\u0441 - Profwelding<\/title>\n<meta name=\"robots\" content=\"index, follow, max-snippet:-1, max-image-preview:large, max-video-preview:-1\" \/>\n<link rel=\"canonical\" href=\"https:\/\/profwelding.ee\/meist\/\" \/>\n<meta property=\"og:locale\" content=\"ru_RU\" \/>\n<meta property=\"og:type\" content=\"article\" \/>\n<meta property=\"og:title\" content=\"\u0418\u0437 \u043d\u0430\u0441 - Profwelding\" \/>\n<meta property=\"og:description\" content=\"Arengulugu T\u00f6\u00f6kogemus: Haridusk\u00e4ik T\u00e4iendkoolitused\" \/>\n<meta property=\"og:url\" content=\"https:\/\/profwelding.ee\/meist\/\" \/>\n<meta property=\"og:site_name\" content=\"Profwelding\" \/>\n<meta property=\"article:modified_time\" content=\"2024-02-17T19:21:19+00:00\" \/>\n<meta name=\"twitter:card\" content=\"summary_large_image\" \/>\n<meta name=\"twitter:label1\" content=\"\u041f\u0440\u0438\u043c\u0435\u0440\u043d\u043e\u0435 \u0432\u0440\u0435\u043c\u044f \u0434\u043b\u044f \u0447\u0442\u0435\u043d\u0438\u044f\" \/>\n\t<meta name=\"twitter:data1\" content=\"1 \u043c\u0438\u043d\u0443\u0442\u0430\" \/>\n<script type=\"application\/ld+json\" class=\"yoast-schema-graph\">{\"@context\":\"https:\/\/schema.org\",\"@graph\":[{\"@type\":\"WebPage\",\"@id\":\"https:\/\/profwelding.ee\/meist\/\",\"url\":\"https:\/\/profwelding.ee\/meist\/\",\"name\":\"\u0418\u0437 \u043d\u0430\u0441 - Profwelding\",\"isPartOf\":{\"@id\":\"https:\/\/profwelding.ee\/#website\"},\"datePublished\":\"2021-05-08T06:50:45+00:00\",\"dateModified\":\"2024-02-17T19:21:19+00:00\",\"breadcrumb\":{\"@id\":\"https:\/\/profwelding.ee\/meist\/#breadcrumb\"},\"inLanguage\":\"ru-RU\",\"potentialAction\":[{\"@type\":\"ReadAction\",\"target\":[\"https:\/\/profwelding.ee\/meist\/\"]}]},{\"@type\":\"BreadcrumbList\",\"@id\":\"https:\/\/profwelding.ee\/meist\/#breadcrumb\",\"itemListElement\":[{\"@type\":\"ListItem\",\"position\":1,\"name\":\"Home\",\"item\":\"https:\/\/profwelding.ee\/ru\/\"},{\"@type\":\"ListItem\",\"position\":2,\"name\":\"\u0418\u0437 \u043d\u0430\u0441\"}]},{\"@type\":\"WebSite\",\"@id\":\"https:\/\/profwelding.ee\/#website\",\"url\":\"https:\/\/profwelding.ee\/\",\"name\":\"Profwelding\",\"description\":\"Keevituslahendused\",\"potentialAction\":[{\"@type\":\"SearchAction\",\"target\":{\"@type\":\"EntryPoint\",\"urlTemplate\":\"https:\/\/profwelding.ee\/?s={search_term_string}\"},\"query-input\":{\"@type\":\"PropertyValueSpecification\",\"valueRequired\":true,\"valueName\":\"search_term_string\"}}],\"inLanguage\":\"ru-RU\"}]}<\/script>\n<!-- \/ Yoast SEO plugin. -->","yoast_head_json":{"title":"\u0418\u0437 \u043d\u0430\u0441 - Profwelding","robots":{"index":"index","follow":"follow","max-snippet":"max-snippet:-1","max-image-preview":"max-image-preview:large","max-video-preview":"max-video-preview:-1"},"canonical":"https:\/\/profwelding.ee\/meist\/","og_locale":"ru_RU","og_type":"article","og_title":"\u0418\u0437 \u043d\u0430\u0441 - Profwelding","og_description":"Arengulugu T\u00f6\u00f6kogemus: Haridusk\u00e4ik T\u00e4iendkoolitused","og_url":"https:\/\/profwelding.ee\/meist\/","og_site_name":"Profwelding","article_modified_time":"2024-02-17T19:21:19+00:00","twitter_card":"summary_large_image","twitter_misc":{"\u041f\u0440\u0438\u043c\u0435\u0440\u043d\u043e\u0435 \u0432\u0440\u0435\u043c\u044f \u0434\u043b\u044f \u0447\u0442\u0435\u043d\u0438\u044f":"1 \u043c\u0438\u043d\u0443\u0442\u0430"},"schema":{"@context":"https:\/\/schema.org","@graph":[{"@type":"WebPage","@id":"https:\/\/profwelding.ee\/meist\/","url":"https:\/\/profwelding.ee\/meist\/","name":"\u0418\u0437 \u043d\u0430\u0441 - Profwelding","isPartOf":{"@id":"https:\/\/profwelding.ee\/#website"},"datePublished":"2021-05-08T06:50:45+00:00","dateModified":"2024-02-17T19:21:19+00:00","breadcrumb":{"@id":"https:\/\/profwelding.ee\/meist\/#breadcrumb"},"inLanguage":"ru-RU","potentialAction":[{"@type":"ReadAction","target":["https:\/\/profwelding.ee\/meist\/"]}]},{"@type":"BreadcrumbList","@id":"https:\/\/profwelding.ee\/meist\/#breadcrumb","itemListElement":[{"@type":"ListItem","position":1,"name":"Home","item":"https:\/\/profwelding.ee\/ru\/"},{"@type":"ListItem","position":2,"name":"\u0418\u0437 \u043d\u0430\u0441"}]},{"@type":"WebSite","@id":"https:\/\/profwelding.ee\/#website","url":"https:\/\/profwelding.ee\/","name":"Profwelding","description":"Keevituslahendused","potentialAction":[{"@type":"SearchAction","target":{"@type":"EntryPoint","urlTemplate":"https:\/\/profwelding.ee\/?s={search_term_string}"},"query-input":{"@type":"PropertyValueSpecification","valueRequired":true,"valueName":"search_term_string"}}],"inLanguage":"ru-RU"}]}},"_links":{"self":[{"href":"https:\/\/profwelding.ee\/ru\/wp-json\/wp\/v2\/pages\/2641","targetHints":{"allow":["GET"]}}],"collection":[{"href":"https:\/\/profwelding.ee\/ru\/wp-json\/wp\/v2\/pages"}],"about":[{"href":"https:\/\/profwelding.ee\/ru\/wp-json\/wp\/v2\/types\/page"}],"author":[{"embeddable":true,"href":"https:\/\/profwelding.ee\/ru\/wp-json\/wp\/v2\/users\/1"}],"replies":[{"embeddable":true,"href":"https:\/\/profwelding.ee\/ru\/wp-json\/wp\/v2\/comments?post=2641"}],"version-history":[{"count":1,"href":"https:\/\/profwelding.ee\/ru\/wp-json\/wp\/v2\/pages\/2641\/revisions"}],"predecessor-version":[{"id":2644,"href":"https:\/\/profwelding.ee\/ru\/wp-json\/wp\/v2\/pages\/2641\/revisions\/2644"}],"wp:attachment":[{"href":"https:\/\/profwelding.ee\/ru\/wp-json\/wp\/v2\/media?parent=2641"}],"curies":[{"name":"wp","href":"https:\/\/api.w.org\/{rel}","templated":true}]}}